{"id":6605,"date":"2022-01-10T06:59:14","date_gmt":"2022-01-10T04:59:14","guid":{"rendered":"https:\/\/digiterm.hu\/datenschutzbestimmungen\/"},"modified":"2024-10-28T12:25:58","modified_gmt":"2024-10-28T10:25:58","slug":"datenschutzbestimmungen","status":"publish","type":"page","link":"https:\/\/digiterm.hu\/de\/datenschutzbestimmungen\/","title":{"rendered":"Datenschutzbestimmungen"},"content":{"rendered":"<div class=\"fusion-fullwidth fullwidth-box fusion-builder-row-1 fusion-flex-container nonhundred-percent-fullwidth non-hundred-percent-height-scrolling\" style=\"--awb-border-radius-top-left:0px;--awb-border-radius-top-right:0px;--awb-border-radius-bottom-right:0px;--awb-border-radius-bottom-left:0px;--awb-flex-wrap:wrap;\" ><div class=\"fusion-builder-row fusion-row fusion-flex-align-items-flex-start fusion-flex-content-wrap\" style=\"max-width:1216.8px;margin-left: calc(-4% \/ 2 );margin-right: calc(-4% \/ 2 );\"><div class=\"fusion-layout-column fusion_builder_column fusion-builder-column-0 fusion_builder_column_1_1 1_1 fusion-flex-column\" style=\"--awb-bg-size:cover;--awb-width-large:100%;--awb-margin-top-large:0px;--awb-spacing-right-large:1.92%;--awb-margin-bottom-large:0px;--awb-spacing-left-large:1.92%;--awb-width-medium:100%;--awb-spacing-right-medium:1.92%;--awb-spacing-left-medium:1.92%;--awb-width-small:100%;--awb-spacing-right-small:1.92%;--awb-spacing-left-small:1.92%;\"><div class=\"fusion-column-wrapper fusion-flex-justify-content-flex-start fusion-content-layout-column\"><div class=\"fusion-title title fusion-title-1 fusion-title-center fusion-title-text fusion-title-size-one\" style=\"--awb-text-color:var(--awb-color4);--awb-margin-bottom:40px;--awb-margin-top-small:0px;--awb-margin-right-small:0px;--awb-margin-bottom-small:20px;--awb-margin-left-small:0px;\"><div class=\"title-sep-container title-sep-container-left\"><div class=\"title-sep sep- sep-solid\" style=\"border-color:#e0dede;\"><\/div><\/div><span class=\"awb-title-spacer\"><\/span><h1 class=\"fusion-title-heading title-heading-center\" style=\"margin:0;\"><p style=\"text-align: center;\">Datenschutzbestimmungen<\/p><\/h1><span class=\"awb-title-spacer\"><\/span><div class=\"title-sep-container title-sep-container-right\"><div class=\"title-sep sep- sep-solid\" style=\"border-color:#e0dede;\"><\/div><\/div><\/div><div class=\"fusion-text fusion-text-1\" style=\"--awb-content-alignment:justify;\"><p style=\"text-align: left;\">Vielen Dank f\u00fcr Ihren Besuch auf unserer Website und Ihr Interesse an unseren Produkten.<\/p>\n<p>Digiterm hat diese Datenschutzerkl\u00e4rung erstellt, um zu zeigen, wie wichtig es ist, die Sicherheit und den Schutz der personenbezogenen Daten, die Sie uns zur Verf\u00fcgung stellen, zu gew\u00e4hrleisten.<\/p>\n<p>Diese Datenschutzrichtlinie informiert unsere Besucher\/Kunden \u00fcber das Sammeln von Informationen, um Sie besser kennenzulernen, damit wir Ihnen besser dienen k\u00f6nnen. Die Entscheidung, ob Sie diese Art von Dienstleistung in Anspruch nehmen wollen, liegt bei Ihnen. Digiterm bittet Sie daher, diese Datenschutzrichtlinie sorgf\u00e4ltig zu lesen.<\/p>\n<h3><strong>Automatische Erfassung nicht-personenbezogener Daten<\/strong><\/h3>\n<p>Wenn Sie unsere Websites besuchen, um zu surfen, Informationen zu lesen oder herunterzuladen, werden wir Sie fragen, wann wir Ihre pers\u00f6nlichen Daten ben\u00f6tigen.<\/p>\n<p>Wir sammeln und speichern einige Besucherinformationen von Ihnen, wie den Namen der Dom\u00e4ne und des Hosts, von dem aus Sie auf das Internet zugreifen, die Internetprotokolladresse, die Sie verwenden, das Datum und die Uhrzeit, zu der Sie unsere Website besuchen, und die Internetadresse der Website, von der aus Sie direkt auf unsere Website gelangen.<\/p>\n<p>Wir verwenden diese Informationen, um den Verkehr auf unserer Website zu messen und um unsere Website f\u00fcr Sie n\u00fctzlicher zu gestalten. Wir k\u00f6nnen diese Daten an unsere weltweiten Tochtergesellschaften weitergeben, um die Attraktivit\u00e4t unserer Website zu \u00fcberwachen und ihre Leistung oder ihren Inhalt zu verbessern.<\/p>\n<h3><strong>Verwendung von Kontaktinformationen<\/strong><\/h3>\n<p>Digiterm gibt keine E-Mail-Adressen an Dritte weiter und gibt keine Benutzerinformationen, einschlie\u00dflich pers\u00f6nlicher Daten, weiter und stellt diese ohne Ihre Zustimmung Dritten zur Verf\u00fcgung. Wir verwenden diese Informationen in erster Linie, um Ihnen bei der Nutzung unserer Dienste ein individuelles Erlebnis zu bieten. Im Kontaktbereich unserer Website m\u00fcssen die Kunden pers\u00f6nliche Daten wie Name und E-Mail-Adresse angeben. Wir k\u00f6nnen diese Informationen verwenden, um Ihnen Werbematerial von unserem Unternehmen oder von unseren H\u00e4ndlern zu schicken.<\/p>\n<h3><strong>Verwendung von personenbezogenen Daten<\/strong><\/h3>\n<p>Informationen, die Sie pers\u00f6nlich identifizieren, werden nur f\u00fcr den internen Gebrauch abgefragt. Wir m\u00f6chten Ihre Daten dazu nutzen, Sie \u00fcber unsere Produkte und Dienstleistungen zu informieren und Sie ggf. um Ihre Meinung zu bitten.<\/p>\n<p>Nat\u00fcrlich haben Sie jederzeit die M\u00f6glichkeit, jeden Online-Kontakt von Digiterm abzubestellen oder Ihre pers\u00f6nlichen Profilinformationen zu \u00e4ndern.<\/p>\n<h3><strong>Antworten auf E-Mail-Anfragen<\/strong><\/h3>\n<p>Wenn Besucher oder Kunden E-Mail-Anfragen an Digiterm senden, wird die zur\u00fcckgesendete E-Mail-Adresse verwendet, um die E-Mail zu beantworten.<\/p>\n<h3><strong>Haftungsausschluss<\/strong><\/h3>\n<p>Diese Website kann Links zu anderen Websites enthalten. Digiterm ist nicht verantwortlich f\u00fcr den Inhalt oder die Datenschutzpraktiken anderer Websites. F\u00fcr Links, die zu fremden Internetseiten f\u00fchren, auf deren Inhalt und Gestaltung wir keinen Einfluss haben, \u00fcbernehmen wir keine Haftung f\u00fcr die Inhalte dieser Seiten. Sie unterliegen also den Datenschutzbestimmungen einer neuen Website.<\/p>\n<h3><strong>Urheberrecht<\/strong><\/h3>\n<p>Digiterm Ltd. beh\u00e4lt sich das Recht vor, diese Datenschutzrichtlinie jederzeit und in jeder Weise zu \u00fcberarbeiten, zu erg\u00e4nzen oder zu \u00e4ndern. Jede Erg\u00e4nzung oder \u00c4nderung wird hier bekannt gegeben. Das Layout dieser Internetpr\u00e4senz, die verwendeten Grafiken sowie die Sammlung der Beitr\u00e4ge sind urheberrechtlich gesch\u00fctzt. Die Vervielf\u00e4ltigung oder Ver\u00e4nderung durch Dritte ist ohne schriftliche Genehmigung nicht gestattet.<\/p>\n<p>Wenn Sie Fragen zu den Datenschutzrichtlinien von Digiterm oder den hier beschriebenen Praktiken haben, kontaktieren Sie uns bitte. Bitte \u00fcberpr\u00fcfen Sie diese Seite regelm\u00e4\u00dfig, um sich auf dem Laufenden zu halten.<\/p>\n<\/div><\/div><\/div><\/div><\/div>\n","protected":false},"excerpt":{"rendered":"","protected":false},"author":1,"featured_media":0,"parent":0,"menu_order":0,"comment_status":"closed","ping_status":"closed","template":"","meta":{"_acf_changed":false,"footnotes":""},"class_list":["post-6605","page","type-page","status-publish","hentry"],"acf":[],"yoast_head":"<!-- This site is optimized with the Yoast SEO plugin v27.3 - https:\/\/yoast.com\/product\/yoast-seo-wordpress\/ -->\n<title>Datenschutzbestimmungen - Digiterm Ltd.<\/title>\n<meta name=\"description\" content=\"Digiterm Dialysis chairs are designed to provide a comfortable and supportive seating arrangement for patients.\" \/>\n<meta name=\"robots\" content=\"index, follow, max-snippet:-1, max-image-preview:large, max-video-preview:-1\" \/>\n<link rel=\"canonical\" href=\"https:\/\/digiterm.hu\/de\/datenschutzbestimmungen\/\" \/>\n<meta property=\"og:locale\" content=\"de_DE\" \/>\n<meta property=\"og:type\" content=\"article\" \/>\n<meta property=\"og:title\" content=\"Datenschutzbestimmungen - Digiterm Ltd.\" \/>\n<meta property=\"og:description\" content=\"Digiterm Dialysis chairs are designed to provide a comfortable and supportive seating arrangement for patients.\" \/>\n<meta property=\"og:url\" content=\"https:\/\/digiterm.hu\/de\/datenschutzbestimmungen\/\" \/>\n<meta property=\"og:site_name\" content=\"Digiterm Ltd.\" \/>\n<meta property=\"article:publisher\" content=\"https:\/\/www.facebook.com\/digiterm.hu\/\" \/>\n<meta property=\"article:modified_time\" content=\"2024-10-28T10:25:58+00:00\" \/>\n<meta property=\"og:image\" content=\"https:\/\/i0.wp.com\/digiterm.hu\/wp-content\/uploads\/2022\/01\/Comfort-3_Scale_interior_brownroom_small-scaled.jpg?fit=2560%2C1707&ssl=1\" \/>\n\t<meta property=\"og:image:width\" content=\"2560\" \/>\n\t<meta property=\"og:image:height\" content=\"1707\" \/>\n\t<meta property=\"og:image:type\" content=\"image\/jpeg\" \/>\n<meta name=\"twitter:card\" content=\"summary_large_image\" \/>\n<meta name=\"twitter:label1\" content=\"Gesch\u00e4tzte Lesezeit\" \/>\n\t<meta name=\"twitter:data1\" content=\"5\u00a0Minuten\" \/>\n<script type=\"application\/ld+json\" class=\"yoast-schema-graph\">{\"@context\":\"https:\\\/\\\/schema.org\",\"@graph\":[{\"@type\":\"WebPage\",\"@id\":\"https:\\\/\\\/digiterm.hu\\\/de\\\/datenschutzbestimmungen\\\/\",\"url\":\"https:\\\/\\\/digiterm.hu\\\/de\\\/datenschutzbestimmungen\\\/\",\"name\":\"Datenschutzbestimmungen - Digiterm Ltd.\",\"isPartOf\":{\"@id\":\"https:\\\/\\\/digiterm.hu\\\/de\\\/#website\"},\"datePublished\":\"2022-01-10T04:59:14+00:00\",\"dateModified\":\"2024-10-28T10:25:58+00:00\",\"description\":\"Digiterm Dialysis chairs are designed to provide a comfortable and supportive seating arrangement for patients.\",\"breadcrumb\":{\"@id\":\"https:\\\/\\\/digiterm.hu\\\/de\\\/datenschutzbestimmungen\\\/#breadcrumb\"},\"inLanguage\":\"de\",\"potentialAction\":[{\"@type\":\"ReadAction\",\"target\":[\"https:\\\/\\\/digiterm.hu\\\/de\\\/datenschutzbestimmungen\\\/\"]}]},{\"@type\":\"BreadcrumbList\",\"@id\":\"https:\\\/\\\/digiterm.hu\\\/de\\\/datenschutzbestimmungen\\\/#breadcrumb\",\"itemListElement\":[{\"@type\":\"ListItem\",\"position\":1,\"name\":\"Home\",\"item\":\"https:\\\/\\\/digiterm.hu\\\/de\\\/\"},{\"@type\":\"ListItem\",\"position\":2,\"name\":\"Datenschutzbestimmungen\"}]},{\"@type\":\"WebSite\",\"@id\":\"https:\\\/\\\/digiterm.hu\\\/de\\\/#website\",\"url\":\"https:\\\/\\\/digiterm.hu\\\/de\\\/\",\"name\":\"Digiterm High Quality Medical and Therapy Chairs\",\"description\":\"Digiterm produces high-quality medical seating designed to provide value for both patients and healthcare providers.\",\"publisher\":{\"@id\":\"https:\\\/\\\/digiterm.hu\\\/de\\\/#organization\"},\"alternateName\":\"Digiterm Website\",\"potentialAction\":[{\"@type\":\"SearchAction\",\"target\":{\"@type\":\"EntryPoint\",\"urlTemplate\":\"https:\\\/\\\/digiterm.hu\\\/de\\\/?s={search_term_string}\"},\"query-input\":{\"@type\":\"PropertyValueSpecification\",\"valueRequired\":true,\"valueName\":\"search_term_string\"}}],\"inLanguage\":\"de\"},{\"@type\":\"Organization\",\"@id\":\"https:\\\/\\\/digiterm.hu\\\/de\\\/#organization\",\"name\":\"Digiterm Ltd.\",\"url\":\"https:\\\/\\\/digiterm.hu\\\/de\\\/\",\"logo\":{\"@type\":\"ImageObject\",\"inLanguage\":\"de\",\"@id\":\"https:\\\/\\\/digiterm.hu\\\/de\\\/#\\\/schema\\\/logo\\\/image\\\/\",\"url\":\"https:\\\/\\\/i0.wp.com\\\/digiterm.hu\\\/wp-content\\\/uploads\\\/2022\\\/03\\\/digiterm_header_logo_ret_500.webp?fit=500%2C111&ssl=1\",\"contentUrl\":\"https:\\\/\\\/i0.wp.com\\\/digiterm.hu\\\/wp-content\\\/uploads\\\/2022\\\/03\\\/digiterm_header_logo_ret_500.webp?fit=500%2C111&ssl=1\",\"width\":500,\"height\":111,\"caption\":\"Digiterm Ltd.\"},\"image\":{\"@id\":\"https:\\\/\\\/digiterm.hu\\\/de\\\/#\\\/schema\\\/logo\\\/image\\\/\"},\"sameAs\":[\"https:\\\/\\\/www.facebook.com\\\/digiterm.hu\\\/\",\"https:\\\/\\\/www.linkedin.com\\\/company\\\/digiterm-ltd\",\"https:\\\/\\\/bit.ly\\\/digiterm-youtube\"]}]}<\/script>\n<!-- \/ Yoast SEO plugin. -->","yoast_head_json":{"title":"Datenschutzbestimmungen - Digiterm Ltd.","description":"Digiterm Dialysis chairs are designed to provide a comfortable and supportive seating arrangement for patients.","robots":{"index":"index","follow":"follow","max-snippet":"max-snippet:-1","max-image-preview":"max-image-preview:large","max-video-preview":"max-video-preview:-1"},"canonical":"https:\/\/digiterm.hu\/de\/datenschutzbestimmungen\/","og_locale":"de_DE","og_type":"article","og_title":"Datenschutzbestimmungen - Digiterm Ltd.","og_description":"Digiterm Dialysis chairs are designed to provide a comfortable and supportive seating arrangement for patients.","og_url":"https:\/\/digiterm.hu\/de\/datenschutzbestimmungen\/","og_site_name":"Digiterm Ltd.","article_publisher":"https:\/\/www.facebook.com\/digiterm.hu\/","article_modified_time":"2024-10-28T10:25:58+00:00","og_image":[{"width":2560,"height":1707,"url":"https:\/\/i0.wp.com\/digiterm.hu\/wp-content\/uploads\/2022\/01\/Comfort-3_Scale_interior_brownroom_small-scaled.jpg?fit=2560%2C1707&ssl=1","type":"image\/jpeg"}],"twitter_card":"summary_large_image","twitter_misc":{"Gesch\u00e4tzte Lesezeit":"5\u00a0Minuten"},"schema":{"@context":"https:\/\/schema.org","@graph":[{"@type":"WebPage","@id":"https:\/\/digiterm.hu\/de\/datenschutzbestimmungen\/","url":"https:\/\/digiterm.hu\/de\/datenschutzbestimmungen\/","name":"Datenschutzbestimmungen - Digiterm Ltd.","isPartOf":{"@id":"https:\/\/digiterm.hu\/de\/#website"},"datePublished":"2022-01-10T04:59:14+00:00","dateModified":"2024-10-28T10:25:58+00:00","description":"Digiterm Dialysis chairs are designed to provide a comfortable and supportive seating arrangement for patients.","breadcrumb":{"@id":"https:\/\/digiterm.hu\/de\/datenschutzbestimmungen\/#breadcrumb"},"inLanguage":"de","potentialAction":[{"@type":"ReadAction","target":["https:\/\/digiterm.hu\/de\/datenschutzbestimmungen\/"]}]},{"@type":"BreadcrumbList","@id":"https:\/\/digiterm.hu\/de\/datenschutzbestimmungen\/#breadcrumb","itemListElement":[{"@type":"ListItem","position":1,"name":"Home","item":"https:\/\/digiterm.hu\/de\/"},{"@type":"ListItem","position":2,"name":"Datenschutzbestimmungen"}]},{"@type":"WebSite","@id":"https:\/\/digiterm.hu\/de\/#website","url":"https:\/\/digiterm.hu\/de\/","name":"Digiterm High Quality Medical and Therapy Chairs","description":"Digiterm produces high-quality medical seating designed to provide value for both patients and healthcare providers.","publisher":{"@id":"https:\/\/digiterm.hu\/de\/#organization"},"alternateName":"Digiterm Website","potentialAction":[{"@type":"SearchAction","target":{"@type":"EntryPoint","urlTemplate":"https:\/\/digiterm.hu\/de\/?s={search_term_string}"},"query-input":{"@type":"PropertyValueSpecification","valueRequired":true,"valueName":"search_term_string"}}],"inLanguage":"de"},{"@type":"Organization","@id":"https:\/\/digiterm.hu\/de\/#organization","name":"Digiterm Ltd.","url":"https:\/\/digiterm.hu\/de\/","logo":{"@type":"ImageObject","inLanguage":"de","@id":"https:\/\/digiterm.hu\/de\/#\/schema\/logo\/image\/","url":"https:\/\/i0.wp.com\/digiterm.hu\/wp-content\/uploads\/2022\/03\/digiterm_header_logo_ret_500.webp?fit=500%2C111&ssl=1","contentUrl":"https:\/\/i0.wp.com\/digiterm.hu\/wp-content\/uploads\/2022\/03\/digiterm_header_logo_ret_500.webp?fit=500%2C111&ssl=1","width":500,"height":111,"caption":"Digiterm Ltd."},"image":{"@id":"https:\/\/digiterm.hu\/de\/#\/schema\/logo\/image\/"},"sameAs":["https:\/\/www.facebook.com\/digiterm.hu\/","https:\/\/www.linkedin.com\/company\/digiterm-ltd","https:\/\/bit.ly\/digiterm-youtube"]}]}},"_links":{"self":[{"href":"https:\/\/digiterm.hu\/de\/wp-json\/wp\/v2\/pages\/6605","targetHints":{"allow":["GET"]}}],"collection":[{"href":"https:\/\/digiterm.hu\/de\/wp-json\/wp\/v2\/pages"}],"about":[{"href":"https:\/\/digiterm.hu\/de\/wp-json\/wp\/v2\/types\/page"}],"author":[{"embeddable":true,"href":"https:\/\/digiterm.hu\/de\/wp-json\/wp\/v2\/users\/1"}],"replies":[{"embeddable":true,"href":"https:\/\/digiterm.hu\/de\/wp-json\/wp\/v2\/comments?post=6605"}],"version-history":[{"count":3,"href":"https:\/\/digiterm.hu\/de\/wp-json\/wp\/v2\/pages\/6605\/revisions"}],"predecessor-version":[{"id":13636,"href":"https:\/\/digiterm.hu\/de\/wp-json\/wp\/v2\/pages\/6605\/revisions\/13636"}],"wp:attachment":[{"href":"https:\/\/digiterm.hu\/de\/wp-json\/wp\/v2\/media?parent=6605"}],"curies":[{"name":"wp","href":"https:\/\/api.w.org\/{rel}","templated":true}]}}