{"id":6704,"date":"2022-01-10T07:02:49","date_gmt":"2022-01-10T06:02:49","guid":{"rendered":"https:\/\/digiterm.hu\/bedingungen-fuer-die-nutzung\/"},"modified":"2025-12-29T21:24:35","modified_gmt":"2025-12-29T20:24:35","slug":"bedingungen-fuer-die-nutzung","status":"publish","type":"page","link":"https:\/\/digiterm.hu\/de\/bedingungen-fuer-die-nutzung\/","title":{"rendered":"Bedingungen f\u00fcr die Nutzung"},"content":{"rendered":"<div class=\"fusion-fullwidth fullwidth-box fusion-builder-row-1 fusion-flex-container nonhundred-percent-fullwidth non-hundred-percent-height-scrolling\" style=\"--awb-border-radius-top-left:0px;--awb-border-radius-top-right:0px;--awb-border-radius-bottom-right:0px;--awb-border-radius-bottom-left:0px;--awb-flex-wrap:wrap;\" ><div class=\"fusion-builder-row fusion-row fusion-flex-align-items-flex-start fusion-flex-content-wrap\" style=\"max-width:1216.8px;margin-left: calc(-4% \/ 2 );margin-right: calc(-4% \/ 2 );\"><div class=\"fusion-layout-column fusion_builder_column fusion-builder-column-0 fusion_builder_column_1_1 1_1 fusion-flex-column\" style=\"--awb-bg-size:cover;--awb-width-large:100%;--awb-margin-top-large:0px;--awb-spacing-right-large:1.92%;--awb-margin-bottom-large:0px;--awb-spacing-left-large:1.92%;--awb-width-medium:100%;--awb-spacing-right-medium:1.92%;--awb-spacing-left-medium:1.92%;--awb-width-small:100%;--awb-spacing-right-small:1.92%;--awb-spacing-left-small:1.92%;\"><div class=\"fusion-column-wrapper fusion-flex-justify-content-flex-start fusion-content-layout-column\"><div class=\"fusion-title title fusion-title-1 fusion-title-center fusion-title-text fusion-title-size-one\" style=\"--awb-text-color:var(--awb-color4);--awb-margin-bottom:40px;--awb-margin-top-small:0px;--awb-margin-right-small:0px;--awb-margin-bottom-small:20px;--awb-margin-left-small:0px;\"><div class=\"title-sep-container title-sep-container-left\"><div class=\"title-sep sep- sep-solid\" style=\"border-color:#e0dede;\"><\/div><\/div><span class=\"awb-title-spacer\"><\/span><h1 class=\"fusion-title-heading title-heading-center\" style=\"margin:0;\">Nutzungsbedingungen<\/h1><span class=\"awb-title-spacer\"><\/span><div class=\"title-sep-container title-sep-container-right\"><div class=\"title-sep sep- sep-solid\" style=\"border-color:#e0dede;\"><\/div><\/div><\/div><div class=\"fusion-text fusion-text-1\" style=\"--awb-content-alignment:justify;\"><p>Willkommen auf der Website von Digiterm Ltd. Bitte lesen Sie diese Nutzungsbedingungen, bevor Sie diese Website nutzen. <\/p>\n<h3><strong>Akzeptanz der Nutzungsbedingungen<\/strong><\/h3>\n<p>Durch den Zugriff und die Nutzung dieser Website erkl\u00e4ren Sie sich mit den hierin enthaltenen und\/oder referenzierten Nutzungsbedingungen einverstanden. Wenn Sie NICHT mit allen diesen Nutzungsbedingungen einverstanden sind, sollten Sie diese Website NICHT nutzen. <\/p>\n<h3><strong>\u00dcberarbeitung der Nutzungsbedingungen<\/strong><\/h3>\n<p>Wir werden unser Bestes tun, um Ihnen genaue und aktuelle Informationen zur Verf\u00fcgung zu stellen.<\/p>\n<p>Digiterm kann diese Allgemeinen Gesch\u00e4ftsbedingungen jederzeit \u00fcberarbeiten oder \u00e4ndern. Bitte \u00fcberpr\u00fcfen Sie die auf der Website ver\u00f6ffentlichten Nutzungsbedingungen regelm\u00e4\u00dfig, um sicherzustellen, dass Sie alle Bedingungen f\u00fcr die Nutzung dieser Website kennen. <\/p>\n<p>Digiterm beh\u00e4lt sich das Recht vor, jederzeit und ohne Vorank\u00fcndigung \u00c4nderungen oder Aktualisierungen in Bezug auf den Inhalt dieser Website oder deren Format vorzunehmen.<\/p>\n<p>Digiterm beh\u00e4lt sich das Recht vor, den Zugang zur Website aus beliebigen Gr\u00fcnden zu beenden oder einzuschr\u00e4nken. Wenn Sie die Digiterm-Website weiterhin nutzen, bedeutet dies, dass Sie diese \u00c4nderungen akzeptieren. <\/p>\n<h3><strong>Verwendung von Inhalten<\/strong><\/h3>\n<p>Die Inhalte der Digiterm-Website, wie Texte, Grafiken, Bilder, Animationen, Videos oder sonstige Informationen, dienen ausschlie\u00dflich Informationszwecken.<\/p>\n<p>Digiterm gestattet Ihnen, eine einzelne Kopie des Materials auf der Digiterm-Website ausschlie\u00dflich f\u00fcr Ihren pers\u00f6nlichen, nicht-kommerziellen Gebrauch anzusehen oder herunterzuladen.<\/p>\n<p>Jede Verwendung von Inhalten, die nicht ausdr\u00fccklich von Digiterm genehmigt wurde, kann gegen Urheberrechte, Markenrechte und andere Gesetze versto\u00dfen. Inhalt und Funktionen k\u00f6nnen ohne vorherige Ank\u00fcndigung ge\u00e4ndert oder eingestellt werden. <\/p>\n<p>Wenn Sie etwas von der Website auf Ihren Computer herunterladen, liegt es in Ihrer Verantwortung sicherzustellen, dass die Dateien Ihren Computer nicht besch\u00e4digen. Sollte Ihr Computer verloren gehen, besch\u00e4digt werden oder sich abnutzen, k\u00f6nnen Sie keine Anspr\u00fcche gegen uns geltend machen. <\/p>\n<p><span lang=\"EN-GB\">Die Informationen auf dieser Website stellen kein kommerzielles Angebot dar und Digiterm beh\u00e4lt sich das Recht vor, \u00c4nderungen vorzunehmen. F\u00fcr ein individuelles Angebot wenden Sie sich bitte direkt an Digiterm. <\/span><\/p>\n<h3><strong>Verlinkung zu Websites von Dritten<\/strong><\/h3>\n<p>\u00dcber die Links in diesem Bereich k\u00f6nnen Sie die Digiterm-Website verlassen. Die verlinkten Websites stehen nicht unter der Kontrolle von Digiterm. Digiterm ist in keiner Weise f\u00fcr den Inhalt dieser anderen Websites verantwortlich.  <\/p>\n<h3>AI-Inhalt<\/h3>\n<p>Die Inhalte, Antworten und Informationen, die von den von Digiterm verwendeten Systemen der k\u00fcnstlichen Intelligenz (KI) generiert werden, werden nur zu allgemeinen Informationszwecken bereitgestellt. Solche KI-generierten Inhalte werden automatisch erstellt und k\u00f6nnen unvollst\u00e4ndig, ungenau, veraltet oder kontextbezogen falsch sein. <\/p>\n<p>Digiterm verwendet Tools und Plattformen f\u00fcr k\u00fcnstliche Intelligenz von Dritten, um automatische Antworten und Inhalte zu generieren. Diese KI-Systeme arbeiten unabh\u00e4ngig von Digiterm und werden nicht von Digiterm entwickelt, besessen oder direkt kontrolliert. Daher \u00fcbernimmt Digiterm keine Garantie f\u00fcr die Leistung, Verf\u00fcgbarkeit oder Genauigkeit dieser KI-Tools von Dritten.  <\/p>\n<p>Digiterm \u00fcbernimmt keine Verantwortung oder Haftung f\u00fcr die Richtigkeit, Vollst\u00e4ndigkeit, Zuverl\u00e4ssigkeit oder Anwendbarkeit der von KI-Systemen generierten Informationen. Die von AI generierten Antworten stellen keine offiziellen Erkl\u00e4rungen, technischen Spezifikationen, professionellen Ratschl\u00e4ge, Angebote, Garantien oder rechtsverbindlichen Verpflichtungen von Digiterm dar. <\/p>\n<p>KI-generierte Inhalte d\u00fcrfen nicht als Grundlage f\u00fcr klinische Entscheidungen, medizinische Anwendungen, Einhaltung von Vorschriften, Beschaffung, Vertragsangelegenheiten oder sicherheitskritische Anwendungen verwendet werden. F\u00fcr alle produktbezogenen, technischen, beh\u00f6rdlichen oder kommerziellen Angelegenheiten sind ausschlie\u00dflich die offizielle Digiterm-Dokumentation, schriftliche Angebote, Handb\u00fccher, Konformit\u00e4tserkl\u00e4rungen und offizielle Mitteilungen von Digiterm ma\u00dfgebend. <\/p>\n<p>Digiterm beh\u00e4lt sich das Recht vor, KI-basierte Dienste jederzeit und ohne vorherige Ank\u00fcndigung zu \u00e4ndern, einzuschr\u00e4nken oder einzustellen. Die Nutzung von KI-generierten Inhalten erfolgt auf eigenes Risiko des Nutzers. <\/p>\n<h3><strong>\u00dcbersetzung<\/strong><\/h3>\n<p>Bestimmte Texte auf dieser Website k\u00f6nnen in anderen Sprachen zur Verf\u00fcgung gestellt werden. Der Text kann von einer Person \u00fcbersetzt werden. Diese \u00dcbersetzungen werden Ihnen als Serviceleistung zur Verf\u00fcgung gestellt, und Digiterm gibt keine Zusicherungen oder Verpflichtungen hinsichtlich der Genauigkeit oder Vollst\u00e4ndigkeit der \u00dcbersetzung ab.  <\/p>\n<h3><strong>Urheberrecht<\/strong><\/h3>\n<p>Alle in diesen Internet-Seiten enthaltenen Bilder und Informationen sind, soweit sie vervielf\u00e4ltigungsf\u00e4hig sind, urheberrechtlich gesch\u00fctzt.<\/p>\n<p>Das Firmenlogo und andere Erkennungszeichen von Digiterm Ltd. sind und bleiben die Marken und Handelsnamen und das ausschlie\u00dfliche Eigentum von Digiterm Ltd. Der gesamte Inhalt dieser Website, einschlie\u00dflich des Interface-Layouts, des Interface-Textes, der Dokumentation und der Grafiken, ist urheberrechtlich gesch\u00fctztes Eigentum von Digiterm und durch internationales Urheberrecht gesch\u00fctzt. <\/p>\n<p>Pers\u00f6nliche Daten, die \u00fcber oder in Verbindung mit der Website bereitgestellt oder gesammelt werden, d\u00fcrfen nur in \u00dcbereinstimmung mit den Datenschutzrichtlinien von Digiterm verwendet werden.<\/p>\n<p>Wenn Sie eine Frage oder Beschwerde haben, kontaktieren Sie uns bitte.<\/p>\n<\/div><\/div><\/div><\/div><\/div>\n","protected":false},"excerpt":{"rendered":"","protected":false},"author":1,"featured_media":0,"parent":0,"menu_order":0,"comment_status":"closed","ping_status":"closed","template":"","meta":{"_acf_changed":false,"footnotes":""},"class_list":["post-6704","page","type-page","status-publish","hentry"],"acf":[],"yoast_head":"<!-- This site is optimized with the Yoast SEO plugin v27.3 - https:\/\/yoast.com\/product\/yoast-seo-wordpress\/ -->\n<title>Bedingungen f\u00fcr die Nutzung - Digiterm Ltd.<\/title>\n<meta name=\"description\" content=\"Digiterm Dialysis chairs are designed to provide a comfortable and supportive seating arrangement for patients.\" \/>\n<meta name=\"robots\" content=\"index, follow, max-snippet:-1, max-image-preview:large, max-video-preview:-1\" \/>\n<link rel=\"canonical\" href=\"https:\/\/digiterm.hu\/de\/bedingungen-fuer-die-nutzung\/\" \/>\n<meta property=\"og:locale\" content=\"de_DE\" \/>\n<meta property=\"og:type\" content=\"article\" \/>\n<meta property=\"og:title\" content=\"Bedingungen f\u00fcr die Nutzung - Digiterm Ltd.\" \/>\n<meta property=\"og:description\" content=\"Digiterm Dialysis chairs are designed to provide a comfortable and supportive seating arrangement for patients.\" \/>\n<meta property=\"og:url\" content=\"https:\/\/digiterm.hu\/de\/bedingungen-fuer-die-nutzung\/\" \/>\n<meta property=\"og:site_name\" content=\"Digiterm Ltd.\" \/>\n<meta property=\"article:publisher\" content=\"https:\/\/www.facebook.com\/digiterm.hu\/\" \/>\n<meta property=\"article:modified_time\" content=\"2025-12-29T20:24:35+00:00\" \/>\n<meta property=\"og:image\" content=\"https:\/\/i0.wp.com\/digiterm.hu\/wp-content\/uploads\/2022\/01\/Comfort-3_Scale_interior_brownroom_small-scaled.jpg?fit=2560%2C1707&ssl=1\" \/>\n\t<meta property=\"og:image:width\" content=\"2560\" \/>\n\t<meta property=\"og:image:height\" content=\"1707\" \/>\n\t<meta property=\"og:image:type\" content=\"image\/jpeg\" \/>\n<meta name=\"twitter:card\" content=\"summary_large_image\" \/>\n<meta name=\"twitter:label1\" content=\"Gesch\u00e4tzte Lesezeit\" \/>\n\t<meta name=\"twitter:data1\" content=\"2\u00a0Minuten\" \/>\n<script type=\"application\/ld+json\" class=\"yoast-schema-graph\">{\"@context\":\"https:\\\/\\\/schema.org\",\"@graph\":[{\"@type\":\"WebPage\",\"@id\":\"https:\\\/\\\/digiterm.hu\\\/de\\\/bedingungen-fuer-die-nutzung\\\/\",\"url\":\"https:\\\/\\\/digiterm.hu\\\/de\\\/bedingungen-fuer-die-nutzung\\\/\",\"name\":\"Bedingungen f\u00fcr die Nutzung - Digiterm Ltd.\",\"isPartOf\":{\"@id\":\"https:\\\/\\\/digiterm.hu\\\/de\\\/#website\"},\"datePublished\":\"2022-01-10T06:02:49+00:00\",\"dateModified\":\"2025-12-29T20:24:35+00:00\",\"description\":\"Digiterm Dialysis chairs are designed to provide a comfortable and supportive seating arrangement for patients.\",\"breadcrumb\":{\"@id\":\"https:\\\/\\\/digiterm.hu\\\/de\\\/bedingungen-fuer-die-nutzung\\\/#breadcrumb\"},\"inLanguage\":\"de\",\"potentialAction\":[{\"@type\":\"ReadAction\",\"target\":[\"https:\\\/\\\/digiterm.hu\\\/de\\\/bedingungen-fuer-die-nutzung\\\/\"]}]},{\"@type\":\"BreadcrumbList\",\"@id\":\"https:\\\/\\\/digiterm.hu\\\/de\\\/bedingungen-fuer-die-nutzung\\\/#breadcrumb\",\"itemListElement\":[{\"@type\":\"ListItem\",\"position\":1,\"name\":\"Home\",\"item\":\"https:\\\/\\\/digiterm.hu\\\/de\\\/\"},{\"@type\":\"ListItem\",\"position\":2,\"name\":\"Bedingungen f\u00fcr die Nutzung\"}]},{\"@type\":\"WebSite\",\"@id\":\"https:\\\/\\\/digiterm.hu\\\/de\\\/#website\",\"url\":\"https:\\\/\\\/digiterm.hu\\\/de\\\/\",\"name\":\"Digiterm High Quality Medical and Therapy Chairs\",\"description\":\"Digiterm produces high-quality medical seating designed to provide value for both patients and healthcare providers.\",\"publisher\":{\"@id\":\"https:\\\/\\\/digiterm.hu\\\/de\\\/#organization\"},\"alternateName\":\"Digiterm Website\",\"potentialAction\":[{\"@type\":\"SearchAction\",\"target\":{\"@type\":\"EntryPoint\",\"urlTemplate\":\"https:\\\/\\\/digiterm.hu\\\/de\\\/?s={search_term_string}\"},\"query-input\":{\"@type\":\"PropertyValueSpecification\",\"valueRequired\":true,\"valueName\":\"search_term_string\"}}],\"inLanguage\":\"de\"},{\"@type\":\"Organization\",\"@id\":\"https:\\\/\\\/digiterm.hu\\\/de\\\/#organization\",\"name\":\"Digiterm Ltd.\",\"url\":\"https:\\\/\\\/digiterm.hu\\\/de\\\/\",\"logo\":{\"@type\":\"ImageObject\",\"inLanguage\":\"de\",\"@id\":\"https:\\\/\\\/digiterm.hu\\\/de\\\/#\\\/schema\\\/logo\\\/image\\\/\",\"url\":\"https:\\\/\\\/i0.wp.com\\\/digiterm.hu\\\/wp-content\\\/uploads\\\/2022\\\/03\\\/digiterm_header_logo_ret_500.webp?fit=500%2C111&ssl=1\",\"contentUrl\":\"https:\\\/\\\/i0.wp.com\\\/digiterm.hu\\\/wp-content\\\/uploads\\\/2022\\\/03\\\/digiterm_header_logo_ret_500.webp?fit=500%2C111&ssl=1\",\"width\":500,\"height\":111,\"caption\":\"Digiterm Ltd.\"},\"image\":{\"@id\":\"https:\\\/\\\/digiterm.hu\\\/de\\\/#\\\/schema\\\/logo\\\/image\\\/\"},\"sameAs\":[\"https:\\\/\\\/www.facebook.com\\\/digiterm.hu\\\/\",\"https:\\\/\\\/www.linkedin.com\\\/company\\\/digiterm-ltd\",\"https:\\\/\\\/bit.ly\\\/digiterm-youtube\"]}]}<\/script>\n<!-- \/ Yoast SEO plugin. -->","yoast_head_json":{"title":"Bedingungen f\u00fcr die Nutzung - Digiterm Ltd.","description":"Digiterm Dialysis chairs are designed to provide a comfortable and supportive seating arrangement for patients.","robots":{"index":"index","follow":"follow","max-snippet":"max-snippet:-1","max-image-preview":"max-image-preview:large","max-video-preview":"max-video-preview:-1"},"canonical":"https:\/\/digiterm.hu\/de\/bedingungen-fuer-die-nutzung\/","og_locale":"de_DE","og_type":"article","og_title":"Bedingungen f\u00fcr die Nutzung - Digiterm Ltd.","og_description":"Digiterm Dialysis chairs are designed to provide a comfortable and supportive seating arrangement for patients.","og_url":"https:\/\/digiterm.hu\/de\/bedingungen-fuer-die-nutzung\/","og_site_name":"Digiterm Ltd.","article_publisher":"https:\/\/www.facebook.com\/digiterm.hu\/","article_modified_time":"2025-12-29T20:24:35+00:00","og_image":[{"width":2560,"height":1707,"url":"https:\/\/i0.wp.com\/digiterm.hu\/wp-content\/uploads\/2022\/01\/Comfort-3_Scale_interior_brownroom_small-scaled.jpg?fit=2560%2C1707&ssl=1","type":"image\/jpeg"}],"twitter_card":"summary_large_image","twitter_misc":{"Gesch\u00e4tzte Lesezeit":"2\u00a0Minuten"},"schema":{"@context":"https:\/\/schema.org","@graph":[{"@type":"WebPage","@id":"https:\/\/digiterm.hu\/de\/bedingungen-fuer-die-nutzung\/","url":"https:\/\/digiterm.hu\/de\/bedingungen-fuer-die-nutzung\/","name":"Bedingungen f\u00fcr die Nutzung - Digiterm Ltd.","isPartOf":{"@id":"https:\/\/digiterm.hu\/de\/#website"},"datePublished":"2022-01-10T06:02:49+00:00","dateModified":"2025-12-29T20:24:35+00:00","description":"Digiterm Dialysis chairs are designed to provide a comfortable and supportive seating arrangement for patients.","breadcrumb":{"@id":"https:\/\/digiterm.hu\/de\/bedingungen-fuer-die-nutzung\/#breadcrumb"},"inLanguage":"de","potentialAction":[{"@type":"ReadAction","target":["https:\/\/digiterm.hu\/de\/bedingungen-fuer-die-nutzung\/"]}]},{"@type":"BreadcrumbList","@id":"https:\/\/digiterm.hu\/de\/bedingungen-fuer-die-nutzung\/#breadcrumb","itemListElement":[{"@type":"ListItem","position":1,"name":"Home","item":"https:\/\/digiterm.hu\/de\/"},{"@type":"ListItem","position":2,"name":"Bedingungen f\u00fcr die Nutzung"}]},{"@type":"WebSite","@id":"https:\/\/digiterm.hu\/de\/#website","url":"https:\/\/digiterm.hu\/de\/","name":"Digiterm High Quality Medical and Therapy Chairs","description":"Digiterm produces high-quality medical seating designed to provide value for both patients and healthcare providers.","publisher":{"@id":"https:\/\/digiterm.hu\/de\/#organization"},"alternateName":"Digiterm Website","potentialAction":[{"@type":"SearchAction","target":{"@type":"EntryPoint","urlTemplate":"https:\/\/digiterm.hu\/de\/?s={search_term_string}"},"query-input":{"@type":"PropertyValueSpecification","valueRequired":true,"valueName":"search_term_string"}}],"inLanguage":"de"},{"@type":"Organization","@id":"https:\/\/digiterm.hu\/de\/#organization","name":"Digiterm Ltd.","url":"https:\/\/digiterm.hu\/de\/","logo":{"@type":"ImageObject","inLanguage":"de","@id":"https:\/\/digiterm.hu\/de\/#\/schema\/logo\/image\/","url":"https:\/\/i0.wp.com\/digiterm.hu\/wp-content\/uploads\/2022\/03\/digiterm_header_logo_ret_500.webp?fit=500%2C111&ssl=1","contentUrl":"https:\/\/i0.wp.com\/digiterm.hu\/wp-content\/uploads\/2022\/03\/digiterm_header_logo_ret_500.webp?fit=500%2C111&ssl=1","width":500,"height":111,"caption":"Digiterm Ltd."},"image":{"@id":"https:\/\/digiterm.hu\/de\/#\/schema\/logo\/image\/"},"sameAs":["https:\/\/www.facebook.com\/digiterm.hu\/","https:\/\/www.linkedin.com\/company\/digiterm-ltd","https:\/\/bit.ly\/digiterm-youtube"]}]}},"_links":{"self":[{"href":"https:\/\/digiterm.hu\/de\/wp-json\/wp\/v2\/pages\/6704","targetHints":{"allow":["GET"]}}],"collection":[{"href":"https:\/\/digiterm.hu\/de\/wp-json\/wp\/v2\/pages"}],"about":[{"href":"https:\/\/digiterm.hu\/de\/wp-json\/wp\/v2\/types\/page"}],"author":[{"embeddable":true,"href":"https:\/\/digiterm.hu\/de\/wp-json\/wp\/v2\/users\/1"}],"replies":[{"embeddable":true,"href":"https:\/\/digiterm.hu\/de\/wp-json\/wp\/v2\/comments?post=6704"}],"version-history":[{"count":6,"href":"https:\/\/digiterm.hu\/de\/wp-json\/wp\/v2\/pages\/6704\/revisions"}],"predecessor-version":[{"id":16693,"href":"https:\/\/digiterm.hu\/de\/wp-json\/wp\/v2\/pages\/6704\/revisions\/16693"}],"wp:attachment":[{"href":"https:\/\/digiterm.hu\/de\/wp-json\/wp\/v2\/media?parent=6704"}],"curies":[{"name":"wp","href":"https:\/\/api.w.org\/{rel}","templated":true}]}}