{"id":6600,"date":"2022-01-10T06:59:14","date_gmt":"2022-01-10T04:59:14","guid":{"rendered":"https:\/\/digiterm.hu\/politica-de-privacidad\/"},"modified":"2024-10-28T12:26:15","modified_gmt":"2024-10-28T10:26:15","slug":"politica-de-privacidad","status":"publish","type":"page","link":"https:\/\/digiterm.hu\/es\/politica-de-privacidad\/","title":{"rendered":"Pol\u00edtica de privacidad"},"content":{"rendered":"<div class=\"fusion-fullwidth fullwidth-box fusion-builder-row-1 fusion-flex-container nonhundred-percent-fullwidth non-hundred-percent-height-scrolling\" style=\"--awb-border-radius-top-left:0px;--awb-border-radius-top-right:0px;--awb-border-radius-bottom-right:0px;--awb-border-radius-bottom-left:0px;--awb-flex-wrap:wrap;\" ><div class=\"fusion-builder-row fusion-row fusion-flex-align-items-flex-start fusion-flex-content-wrap\" style=\"max-width:1216.8px;margin-left: calc(-4% \/ 2 );margin-right: calc(-4% \/ 2 );\"><div class=\"fusion-layout-column fusion_builder_column fusion-builder-column-0 fusion_builder_column_1_1 1_1 fusion-flex-column\" style=\"--awb-bg-size:cover;--awb-width-large:100%;--awb-margin-top-large:0px;--awb-spacing-right-large:1.92%;--awb-margin-bottom-large:0px;--awb-spacing-left-large:1.92%;--awb-width-medium:100%;--awb-spacing-right-medium:1.92%;--awb-spacing-left-medium:1.92%;--awb-width-small:100%;--awb-spacing-right-small:1.92%;--awb-spacing-left-small:1.92%;\"><div class=\"fusion-column-wrapper fusion-flex-justify-content-flex-start fusion-content-layout-column\"><div class=\"fusion-title title fusion-title-1 fusion-title-center fusion-title-text fusion-title-size-one\" style=\"--awb-text-color:var(--awb-color4);--awb-margin-bottom:40px;--awb-margin-top-small:0px;--awb-margin-right-small:0px;--awb-margin-bottom-small:20px;--awb-margin-left-small:0px;\"><div class=\"title-sep-container title-sep-container-left\"><div class=\"title-sep sep- sep-solid\" style=\"border-color:#e0dede;\"><\/div><\/div><span class=\"awb-title-spacer\"><\/span><h1 class=\"fusion-title-heading title-heading-center\" style=\"margin:0;\"><p style=\"text-align: center;\">Pol\u00edtica de privacidad<\/p><\/h1><span class=\"awb-title-spacer\"><\/span><div class=\"title-sep-container title-sep-container-right\"><div class=\"title-sep sep- sep-solid\" style=\"border-color:#e0dede;\"><\/div><\/div><\/div><div class=\"fusion-text fusion-text-1\" style=\"--awb-content-alignment:justify;\"><p style=\"text-align: left;\">Gracias por visitar nuestro sitio web y por su inter\u00e9s en nuestros productos.<\/p>\n<p>Digiterm cre\u00f3 esta pol\u00edtica de privacidad para demostrar la importancia de proteger la seguridad y privacidad de la informaci\u00f3n personal identificable que usted comparte con nosotros.<\/p>\n<p>Esta pol\u00edtica de privacidad informa a nuestros visitantes\/clientes sobre la recopilaci\u00f3n de informaci\u00f3n para conocerle mejor y poder servirle mejor. Usted decide si desea este tipo de servicio. Por ello, Digiterm le ruega que lea atentamente esta Pol\u00edtica de privacidad.<\/p>\n<h3><strong>Recogida autom\u00e1tica de datos no personales<\/strong><\/h3>\n<p>Si visita nuestros sitios web para navegar, leer o descargar informaci\u00f3n, le preguntaremos cu\u00e1ndo necesitamos sus datos personales.<\/p>\n<p>Recogemos y almacenamos algunos datos de los visitantes, como el nombre del dominio y el host desde el que acceden a Internet, la direcci\u00f3n de protocolo de Internet que utilizan, la fecha y hora de entrada en nuestro sitio web y la direcci\u00f3n de Internet del sitio web desde el que acceden directamente a nuestro sitio web.<\/p>\n<p>Utilizamos esta informaci\u00f3n para medir el tr\u00e1fico en nuestro sitio web y para ayudarnos a hacer que nuestro sitio web sea m\u00e1s \u00fatil para usted. Podemos compartirla con nuestras filiales en todo el mundo para supervisar el atractivo de nuestro sitio web y mejorar su rendimiento o contenido.<\/p>\n<h3><strong>Uso de la informaci\u00f3n de contacto<\/strong><\/h3>\n<p>Digiterm no compartir\u00e1 direcciones de correo electr\u00f3nico con nadie ajeno ni revelar\u00e1 informaci\u00f3n de los usuarios, incluidos datos personales, ni la pondr\u00e1 a disposici\u00f3n de terceros sin su permiso. Utilizamos esta informaci\u00f3n principalmente para proporcionarle una experiencia personalizada a medida que utiliza nuestros servicios. El \u00e1rea de contacto de nuestro sitio requiere que los clientes faciliten informaci\u00f3n personal, como nombre y direcci\u00f3n de correo electr\u00f3nico. Podemos utilizar esta informaci\u00f3n para enviarle material promocional de nuestra empresa o de nuestros distribuidores.<\/p>\n<h3><strong>Uso de datos personales<\/strong><\/h3>\n<p>La informaci\u00f3n que le identifica personalmente se solicita s\u00f3lo para uso interno. Nos gustar\u00eda utilizar sus datos para informarle sobre nuestros productos y servicios y, en su caso, solicitar su opini\u00f3n.<\/p>\n<p>Por supuesto, siempre podr\u00e1 darse de baja de cualquier contacto en l\u00ednea de Digiterm o cambiar la informaci\u00f3n de su perfil personal.<\/p>\n<h3><strong>Respuestas a consultas por correo electr\u00f3nico<\/strong><\/h3>\n<p>Cuando los Visitantes o Clientes env\u00edan consultas por correo electr\u00f3nico a Digiterm, la direcci\u00f3n de correo electr\u00f3nico devuelta se utiliza para responder al correo electr\u00f3nico.<\/p>\n<h3><strong>Descargo de responsabilidad<\/strong><\/h3>\n<p>Este sitio puede contener enlaces a otros sitios. Digiterm no es responsable del contenido ni de las pr\u00e1cticas de privacidad de otros sitios web. En cuanto a los enlaces que conducen a sitios web extranjeros, en cuyo contenido y dise\u00f1o no tenemos ninguna influencia, no asumimos ninguna responsabilidad por el contenido de estos sitios web. Por tanto, estar\u00e1 sujeto a la pol\u00edtica de privacidad de un nuevo sitio.<\/p>\n<h3><strong>Copyright<\/strong><\/h3>\n<p>Digiterm Ltd. Se reserva el derecho de revisar, enmendar o modificar esta pol\u00edtica de privacidad en cualquier momento y de cualquier manera. Cualquier enmienda o modificaci\u00f3n se publicar\u00e1 aqu\u00ed. El dise\u00f1o de esta presencia en Internet, los gr\u00e1ficos utilizados y la recopilaci\u00f3n de textos est\u00e1n protegidos por derechos de autor. Queda prohibida su reproducci\u00f3n o modificaci\u00f3n por terceros sin autorizaci\u00f3n escrita.<\/p>\n<p>Si tiene alguna pregunta sobre la pol\u00edtica de privacidad de Digiterm o sobre las pr\u00e1cticas aqu\u00ed descritas, p\u00f3ngase en contacto con nosotros. Consulte esta p\u00e1gina con regularidad para mantenerse al d\u00eda.<\/p>\n<\/div><\/div><\/div><\/div><\/div>\n","protected":false},"excerpt":{"rendered":"","protected":false},"author":1,"featured_media":0,"parent":0,"menu_order":0,"comment_status":"closed","ping_status":"closed","template":"","meta":{"_acf_changed":false,"footnotes":""},"class_list":["post-6600","page","type-page","status-publish","hentry"],"acf":[],"yoast_head":"<!-- This site is optimized with the Yoast SEO plugin v27.3 - https:\/\/yoast.com\/product\/yoast-seo-wordpress\/ -->\n<title>Pol\u00edtica de privacidad - Digiterm Ltd.<\/title>\n<meta name=\"description\" content=\"Digiterm Dialysis chairs are designed to provide a comfortable and supportive seating arrangement for patients.\" \/>\n<meta name=\"robots\" content=\"index, follow, max-snippet:-1, max-image-preview:large, max-video-preview:-1\" \/>\n<link rel=\"canonical\" href=\"https:\/\/digiterm.hu\/es\/politica-de-privacidad\/\" \/>\n<meta property=\"og:locale\" content=\"es_ES\" \/>\n<meta property=\"og:type\" content=\"article\" \/>\n<meta property=\"og:title\" content=\"Pol\u00edtica de privacidad - Digiterm Ltd.\" \/>\n<meta property=\"og:description\" content=\"Digiterm Dialysis chairs are designed to provide a comfortable and supportive seating arrangement for patients.\" \/>\n<meta property=\"og:url\" content=\"https:\/\/digiterm.hu\/es\/politica-de-privacidad\/\" \/>\n<meta property=\"og:site_name\" content=\"Digiterm Ltd.\" \/>\n<meta property=\"article:publisher\" content=\"https:\/\/www.facebook.com\/digiterm.hu\/\" \/>\n<meta property=\"article:modified_time\" content=\"2024-10-28T10:26:15+00:00\" \/>\n<meta property=\"og:image\" content=\"https:\/\/i0.wp.com\/digiterm.hu\/wp-content\/uploads\/2022\/01\/Comfort-3_Scale_interior_brownroom_small-scaled.jpg?fit=2560%2C1707&ssl=1\" \/>\n\t<meta property=\"og:image:width\" content=\"2560\" \/>\n\t<meta property=\"og:image:height\" content=\"1707\" \/>\n\t<meta property=\"og:image:type\" content=\"image\/jpeg\" \/>\n<meta name=\"twitter:card\" content=\"summary_large_image\" \/>\n<meta name=\"twitter:label1\" content=\"Tiempo de lectura\" \/>\n\t<meta name=\"twitter:data1\" content=\"5 minutos\" \/>\n<script type=\"application\/ld+json\" class=\"yoast-schema-graph\">{\"@context\":\"https:\\\/\\\/schema.org\",\"@graph\":[{\"@type\":\"WebPage\",\"@id\":\"https:\\\/\\\/digiterm.hu\\\/es\\\/politica-de-privacidad\\\/\",\"url\":\"https:\\\/\\\/digiterm.hu\\\/es\\\/politica-de-privacidad\\\/\",\"name\":\"Pol\u00edtica de privacidad - Digiterm Ltd.\",\"isPartOf\":{\"@id\":\"https:\\\/\\\/digiterm.hu\\\/es\\\/#website\"},\"datePublished\":\"2022-01-10T04:59:14+00:00\",\"dateModified\":\"2024-10-28T10:26:15+00:00\",\"description\":\"Digiterm Dialysis chairs are designed to provide a comfortable and supportive seating arrangement for patients.\",\"breadcrumb\":{\"@id\":\"https:\\\/\\\/digiterm.hu\\\/es\\\/politica-de-privacidad\\\/#breadcrumb\"},\"inLanguage\":\"es\",\"potentialAction\":[{\"@type\":\"ReadAction\",\"target\":[\"https:\\\/\\\/digiterm.hu\\\/es\\\/politica-de-privacidad\\\/\"]}]},{\"@type\":\"BreadcrumbList\",\"@id\":\"https:\\\/\\\/digiterm.hu\\\/es\\\/politica-de-privacidad\\\/#breadcrumb\",\"itemListElement\":[{\"@type\":\"ListItem\",\"position\":1,\"name\":\"Home\",\"item\":\"https:\\\/\\\/digiterm.hu\\\/es\\\/\"},{\"@type\":\"ListItem\",\"position\":2,\"name\":\"Pol\u00edtica de privacidad\"}]},{\"@type\":\"WebSite\",\"@id\":\"https:\\\/\\\/digiterm.hu\\\/es\\\/#website\",\"url\":\"https:\\\/\\\/digiterm.hu\\\/es\\\/\",\"name\":\"Digiterm High Quality Medical and Therapy Chairs\",\"description\":\"Digiterm produces high-quality medical seating designed to provide value for both patients and healthcare providers.\",\"publisher\":{\"@id\":\"https:\\\/\\\/digiterm.hu\\\/es\\\/#organization\"},\"alternateName\":\"Digiterm Website\",\"potentialAction\":[{\"@type\":\"SearchAction\",\"target\":{\"@type\":\"EntryPoint\",\"urlTemplate\":\"https:\\\/\\\/digiterm.hu\\\/es\\\/?s={search_term_string}\"},\"query-input\":{\"@type\":\"PropertyValueSpecification\",\"valueRequired\":true,\"valueName\":\"search_term_string\"}}],\"inLanguage\":\"es\"},{\"@type\":\"Organization\",\"@id\":\"https:\\\/\\\/digiterm.hu\\\/es\\\/#organization\",\"name\":\"Digiterm Ltd.\",\"url\":\"https:\\\/\\\/digiterm.hu\\\/es\\\/\",\"logo\":{\"@type\":\"ImageObject\",\"inLanguage\":\"es\",\"@id\":\"https:\\\/\\\/digiterm.hu\\\/es\\\/#\\\/schema\\\/logo\\\/image\\\/\",\"url\":\"https:\\\/\\\/i0.wp.com\\\/digiterm.hu\\\/wp-content\\\/uploads\\\/2022\\\/03\\\/digiterm_header_logo_ret_500.webp?fit=500%2C111&ssl=1\",\"contentUrl\":\"https:\\\/\\\/i0.wp.com\\\/digiterm.hu\\\/wp-content\\\/uploads\\\/2022\\\/03\\\/digiterm_header_logo_ret_500.webp?fit=500%2C111&ssl=1\",\"width\":500,\"height\":111,\"caption\":\"Digiterm Ltd.\"},\"image\":{\"@id\":\"https:\\\/\\\/digiterm.hu\\\/es\\\/#\\\/schema\\\/logo\\\/image\\\/\"},\"sameAs\":[\"https:\\\/\\\/www.facebook.com\\\/digiterm.hu\\\/\",\"https:\\\/\\\/www.linkedin.com\\\/company\\\/digiterm-ltd\",\"https:\\\/\\\/bit.ly\\\/digiterm-youtube\"]}]}<\/script>\n<!-- \/ Yoast SEO plugin. -->","yoast_head_json":{"title":"Pol\u00edtica de privacidad - Digiterm Ltd.","description":"Digiterm Dialysis chairs are designed to provide a comfortable and supportive seating arrangement for patients.","robots":{"index":"index","follow":"follow","max-snippet":"max-snippet:-1","max-image-preview":"max-image-preview:large","max-video-preview":"max-video-preview:-1"},"canonical":"https:\/\/digiterm.hu\/es\/politica-de-privacidad\/","og_locale":"es_ES","og_type":"article","og_title":"Pol\u00edtica de privacidad - Digiterm Ltd.","og_description":"Digiterm Dialysis chairs are designed to provide a comfortable and supportive seating arrangement for patients.","og_url":"https:\/\/digiterm.hu\/es\/politica-de-privacidad\/","og_site_name":"Digiterm Ltd.","article_publisher":"https:\/\/www.facebook.com\/digiterm.hu\/","article_modified_time":"2024-10-28T10:26:15+00:00","og_image":[{"width":2560,"height":1707,"url":"https:\/\/i0.wp.com\/digiterm.hu\/wp-content\/uploads\/2022\/01\/Comfort-3_Scale_interior_brownroom_small-scaled.jpg?fit=2560%2C1707&ssl=1","type":"image\/jpeg"}],"twitter_card":"summary_large_image","twitter_misc":{"Tiempo de lectura":"5 minutos"},"schema":{"@context":"https:\/\/schema.org","@graph":[{"@type":"WebPage","@id":"https:\/\/digiterm.hu\/es\/politica-de-privacidad\/","url":"https:\/\/digiterm.hu\/es\/politica-de-privacidad\/","name":"Pol\u00edtica de privacidad - Digiterm Ltd.","isPartOf":{"@id":"https:\/\/digiterm.hu\/es\/#website"},"datePublished":"2022-01-10T04:59:14+00:00","dateModified":"2024-10-28T10:26:15+00:00","description":"Digiterm Dialysis chairs are designed to provide a comfortable and supportive seating arrangement for patients.","breadcrumb":{"@id":"https:\/\/digiterm.hu\/es\/politica-de-privacidad\/#breadcrumb"},"inLanguage":"es","potentialAction":[{"@type":"ReadAction","target":["https:\/\/digiterm.hu\/es\/politica-de-privacidad\/"]}]},{"@type":"BreadcrumbList","@id":"https:\/\/digiterm.hu\/es\/politica-de-privacidad\/#breadcrumb","itemListElement":[{"@type":"ListItem","position":1,"name":"Home","item":"https:\/\/digiterm.hu\/es\/"},{"@type":"ListItem","position":2,"name":"Pol\u00edtica de privacidad"}]},{"@type":"WebSite","@id":"https:\/\/digiterm.hu\/es\/#website","url":"https:\/\/digiterm.hu\/es\/","name":"Digiterm High Quality Medical and Therapy Chairs","description":"Digiterm produces high-quality medical seating designed to provide value for both patients and healthcare providers.","publisher":{"@id":"https:\/\/digiterm.hu\/es\/#organization"},"alternateName":"Digiterm Website","potentialAction":[{"@type":"SearchAction","target":{"@type":"EntryPoint","urlTemplate":"https:\/\/digiterm.hu\/es\/?s={search_term_string}"},"query-input":{"@type":"PropertyValueSpecification","valueRequired":true,"valueName":"search_term_string"}}],"inLanguage":"es"},{"@type":"Organization","@id":"https:\/\/digiterm.hu\/es\/#organization","name":"Digiterm Ltd.","url":"https:\/\/digiterm.hu\/es\/","logo":{"@type":"ImageObject","inLanguage":"es","@id":"https:\/\/digiterm.hu\/es\/#\/schema\/logo\/image\/","url":"https:\/\/i0.wp.com\/digiterm.hu\/wp-content\/uploads\/2022\/03\/digiterm_header_logo_ret_500.webp?fit=500%2C111&ssl=1","contentUrl":"https:\/\/i0.wp.com\/digiterm.hu\/wp-content\/uploads\/2022\/03\/digiterm_header_logo_ret_500.webp?fit=500%2C111&ssl=1","width":500,"height":111,"caption":"Digiterm Ltd."},"image":{"@id":"https:\/\/digiterm.hu\/es\/#\/schema\/logo\/image\/"},"sameAs":["https:\/\/www.facebook.com\/digiterm.hu\/","https:\/\/www.linkedin.com\/company\/digiterm-ltd","https:\/\/bit.ly\/digiterm-youtube"]}]}},"_links":{"self":[{"href":"https:\/\/digiterm.hu\/es\/wp-json\/wp\/v2\/pages\/6600","targetHints":{"allow":["GET"]}}],"collection":[{"href":"https:\/\/digiterm.hu\/es\/wp-json\/wp\/v2\/pages"}],"about":[{"href":"https:\/\/digiterm.hu\/es\/wp-json\/wp\/v2\/types\/page"}],"author":[{"embeddable":true,"href":"https:\/\/digiterm.hu\/es\/wp-json\/wp\/v2\/users\/1"}],"replies":[{"embeddable":true,"href":"https:\/\/digiterm.hu\/es\/wp-json\/wp\/v2\/comments?post=6600"}],"version-history":[{"count":3,"href":"https:\/\/digiterm.hu\/es\/wp-json\/wp\/v2\/pages\/6600\/revisions"}],"predecessor-version":[{"id":13639,"href":"https:\/\/digiterm.hu\/es\/wp-json\/wp\/v2\/pages\/6600\/revisions\/13639"}],"wp:attachment":[{"href":"https:\/\/digiterm.hu\/es\/wp-json\/wp\/v2\/media?parent=6600"}],"curies":[{"name":"wp","href":"https:\/\/api.w.org\/{rel}","templated":true}]}}