{"id":6700,"date":"2022-01-10T07:02:49","date_gmt":"2022-01-10T06:02:49","guid":{"rendered":"https:\/\/digiterm.hu\/condiciones-de-uso\/"},"modified":"2025-12-29T21:25:04","modified_gmt":"2025-12-29T20:25:04","slug":"condiciones-de-uso","status":"publish","type":"page","link":"https:\/\/digiterm.hu\/es\/condiciones-de-uso\/","title":{"rendered":"Condiciones de uso"},"content":{"rendered":"<div class=\"fusion-fullwidth fullwidth-box fusion-builder-row-1 fusion-flex-container nonhundred-percent-fullwidth non-hundred-percent-height-scrolling\" style=\"--awb-border-radius-top-left:0px;--awb-border-radius-top-right:0px;--awb-border-radius-bottom-right:0px;--awb-border-radius-bottom-left:0px;--awb-flex-wrap:wrap;\" ><div class=\"fusion-builder-row fusion-row fusion-flex-align-items-flex-start fusion-flex-content-wrap\" style=\"max-width:1216.8px;margin-left: calc(-4% \/ 2 );margin-right: calc(-4% \/ 2 );\"><div class=\"fusion-layout-column fusion_builder_column fusion-builder-column-0 fusion_builder_column_1_1 1_1 fusion-flex-column\" style=\"--awb-bg-size:cover;--awb-width-large:100%;--awb-margin-top-large:0px;--awb-spacing-right-large:1.92%;--awb-margin-bottom-large:0px;--awb-spacing-left-large:1.92%;--awb-width-medium:100%;--awb-spacing-right-medium:1.92%;--awb-spacing-left-medium:1.92%;--awb-width-small:100%;--awb-spacing-right-small:1.92%;--awb-spacing-left-small:1.92%;\"><div class=\"fusion-column-wrapper fusion-flex-justify-content-flex-start fusion-content-layout-column\"><div class=\"fusion-title title fusion-title-1 fusion-title-center fusion-title-text fusion-title-size-one\" style=\"--awb-text-color:var(--awb-color4);--awb-margin-bottom:40px;--awb-margin-top-small:0px;--awb-margin-right-small:0px;--awb-margin-bottom-small:20px;--awb-margin-left-small:0px;\"><div class=\"title-sep-container title-sep-container-left\"><div class=\"title-sep sep- sep-solid\" style=\"border-color:#e0dede;\"><\/div><\/div><span class=\"awb-title-spacer\"><\/span><h1 class=\"fusion-title-heading title-heading-center\" style=\"margin:0;\">Condiciones de uso<\/h1><span class=\"awb-title-spacer\"><\/span><div class=\"title-sep-container title-sep-container-right\"><div class=\"title-sep sep- sep-solid\" style=\"border-color:#e0dede;\"><\/div><\/div><\/div><div class=\"fusion-text fusion-text-1\" style=\"--awb-content-alignment:justify;\"><p>Bienvenido al sitio web de Digiterm Ltd. Lea estas condiciones de uso antes de utilizar este sitio. <\/p>\n<h3><strong>Aceptaci\u00f3n de las condiciones de uso<\/strong><\/h3>\n<p>Al acceder y utilizar este sitio web usted manifiesta su conformidad con los T\u00e9rminos y Condiciones de Uso contenidos y\/o referenciados en el presente documento. Si NO est\u00e1 de acuerdo con todas estas Condiciones de uso, NO debe utilizar este sitio web. <\/p>\n<h3><strong>Revisi\u00f3n de las condiciones de uso<\/strong><\/h3>\n<p>Haremos todo lo posible por proporcionarle informaci\u00f3n precisa y actualizada.<\/p>\n<p>Digiterm puede revisar o modificar estos T\u00e9rminos y Condiciones en cualquier momento. Consulte peri\u00f3dicamente las Condiciones de uso publicadas en el sitio web para asegurarse de que conoce todas las condiciones por las que se rige el uso de este sitio web. <\/p>\n<p>Digiterm se reserva el derecho a realizar cambios o actualizaciones con respecto a o en el Contenido de este sitio web o en el formato del mismo en cualquier momento y sin previo aviso.<\/p>\n<p>Digiterm se reserva el derecho a cancelar o restringir el acceso al sitio web por cualquier motivo. Su uso continuado del sitio web de Digiterm significar\u00e1 que acepta dichos cambios. <\/p>\n<h3><strong>Utilizaci\u00f3n de contenidos<\/strong><\/h3>\n<p>Los contenidos del sitio web de Digiterm, como textos, gr\u00e1ficos, im\u00e1genes, animaciones, v\u00eddeos o cualquier informaci\u00f3n, tienen \u00fanicamente fines informativos.<\/p>\n<p>Digiterm le autoriza a visualizar o descargar una \u00fanica copia del material contenido en el sitio web de Digiterm \u00fanicamente para su uso personal y no comercial.<\/p>\n<p>Cualquier uso del Contenido no permitido expresamente por Digiterm puede violar las leyes de derechos de autor, marcas registradas y otras leyes. El contenido y las funciones est\u00e1n sujetos a cambios o cancelaciones sin previo aviso. <\/p>\n<p>Si descarga algo del sitio web a su ordenador, es su responsabilidad asegurarse de que los archivos no da\u00f1en en modo alguno su ordenador. Si su ordenador sufre alguna p\u00e9rdida, da\u00f1o o desgaste, no tendr\u00e1 derecho a reclamarnos nada. <\/p>\n<p><span lang=\"EN-GB\">La informaci\u00f3n proporcionada en este sitio web no constituye una oferta comercial, y Digiterm se reserva el derecho a realizar cambios. Para obtener un presupuesto personalizado, ponte en contacto directamente con Digiterm. <\/span><\/p>\n<h3><strong>Enlaces a sitios de terceros<\/strong><\/h3>\n<p>Los enlaces de la zona le permitir\u00e1n salir del sitio web de Digiterm. Los sitios web enlazados no est\u00e1n bajo el control de Digiterm. Digiterm no ser\u00e1 responsable en modo alguno del contenido de esos otros sitios web.  <\/p>\n<h3>Contenido AI<\/h3>\n<p>El contenido, las respuestas y la informaci\u00f3n generados por los sistemas de inteligencia artificial (IA) utilizados por Digiterm se proporcionan \u00fanicamente con fines informativos generales. Dicho contenido generado por IA se crea autom\u00e1ticamente y puede ser incompleto, inexacto, obsoleto o contextualmente incorrecto. <\/p>\n<p>Digiterm utiliza herramientas y plataformas de inteligencia artificial de terceros para generar respuestas y contenidos automatizados. Estos sistemas de IA operan independientemente de Digiterm y no son desarrollados, propiedad o controlados directamente por Digiterm. En consecuencia, Digiterm no garantiza el rendimiento, la disponibilidad ni la precisi\u00f3n de dichas herramientas de IA de terceros.  <\/p>\n<p>Digiterm no asume responsabilidad alguna por la exactitud, integridad, fiabilidad o aplicabilidad de la informaci\u00f3n generada por los sistemas de IA. Las respuestas generadas por IA no constituyen declaraciones oficiales, especificaciones t\u00e9cnicas, asesoramiento profesional, ofertas, garant\u00edas ni compromisos legalmente vinculantes por parte de Digiterm. <\/p>\n<p>No se debe confiar en el contenido generado por la IA para decisiones cl\u00ednicas, uso m\u00e9dico, cumplimiento normativo, adquisici\u00f3n, asuntos contractuales o cualquier aplicaci\u00f3n de seguridad cr\u00edtica. Para todos los asuntos relacionados con el producto, t\u00e9cnicos, normativos o comerciales, s\u00f3lo la documentaci\u00f3n oficial de Digiterm, las citas escritas, los manuales, las declaraciones de conformidad y las comunicaciones formales emitidas por Digiterm tienen autoridad. <\/p>\n<p>Digiterm se reserva el derecho a modificar, limitar o interrumpir los servicios basados en IA en cualquier momento y sin previo aviso. El uso de los contenidos generados por IA es por cuenta y riesgo del usuario. <\/p>\n<h3><strong>Traducci\u00f3n<\/strong><\/h3>\n<p>Algunos textos de este sitio web pueden estar disponibles en otros idiomas. El texto puede ser traducido por una persona. Estas traducciones se facilitan para su comodidad, y Digiterm no se responsabiliza de la exactitud o integridad de la traducci\u00f3n.  <\/p>\n<h3><strong>Copyright<\/strong><\/h3>\n<p>Todas las im\u00e1genes e informaci\u00f3n contenidas en estas p\u00e1ginas de Internet, en la medida en que sean reproducibles, est\u00e1n protegidas por derechos de autor.<\/p>\n<p>El logotipo de la empresa y otras marcas identificativas de Digiterm Ltd. son y seguir\u00e1n siendo marcas registradas y nombres comerciales y propiedad exclusiva de Digiterm Ltd. Todo el contenido de este sitio web, incluidos el dise\u00f1o de la interfaz, el texto de la interfaz, la documentaci\u00f3n y los gr\u00e1ficos, es propiedad intelectual de Digiterm y est\u00e1 protegido por la legislaci\u00f3n internacional sobre derechos de autor. <\/p>\n<p>La informaci\u00f3n personal proporcionada o recopilada a trav\u00e9s del sitio web o en relaci\u00f3n con el mismo s\u00f3lo se utilizar\u00e1 de conformidad con la Pol\u00edtica de privacidad de Digiterm.<\/p>\n<p>Si tiene alguna pregunta o queja, p\u00f3ngase en contacto con nosotros.<\/p>\n<\/div><\/div><\/div><\/div><\/div>\n","protected":false},"excerpt":{"rendered":"","protected":false},"author":1,"featured_media":0,"parent":0,"menu_order":0,"comment_status":"closed","ping_status":"closed","template":"","meta":{"_acf_changed":false,"footnotes":""},"class_list":["post-6700","page","type-page","status-publish","hentry"],"acf":[],"yoast_head":"<!-- This site is optimized with the Yoast SEO plugin v27.3 - https:\/\/yoast.com\/product\/yoast-seo-wordpress\/ -->\n<title>Condiciones de uso - Digiterm Ltd.<\/title>\n<meta name=\"description\" content=\"Digiterm Dialysis chairs are designed to provide a comfortable and supportive seating arrangement for patients.\" \/>\n<meta name=\"robots\" content=\"index, follow, max-snippet:-1, max-image-preview:large, max-video-preview:-1\" \/>\n<link rel=\"canonical\" href=\"https:\/\/digiterm.hu\/es\/condiciones-de-uso\/\" \/>\n<meta property=\"og:locale\" content=\"es_ES\" \/>\n<meta property=\"og:type\" content=\"article\" \/>\n<meta property=\"og:title\" content=\"Condiciones de uso - Digiterm Ltd.\" \/>\n<meta property=\"og:description\" content=\"Digiterm Dialysis chairs are designed to provide a comfortable and supportive seating arrangement for patients.\" \/>\n<meta property=\"og:url\" content=\"https:\/\/digiterm.hu\/es\/condiciones-de-uso\/\" \/>\n<meta property=\"og:site_name\" content=\"Digiterm Ltd.\" \/>\n<meta property=\"article:publisher\" content=\"https:\/\/www.facebook.com\/digiterm.hu\/\" \/>\n<meta property=\"article:modified_time\" content=\"2025-12-29T20:25:04+00:00\" \/>\n<meta property=\"og:image\" content=\"https:\/\/i0.wp.com\/digiterm.hu\/wp-content\/uploads\/2022\/01\/Comfort-3_Scale_interior_brownroom_small-scaled.jpg?fit=2560%2C1707&ssl=1\" \/>\n\t<meta property=\"og:image:width\" content=\"2560\" \/>\n\t<meta property=\"og:image:height\" content=\"1707\" \/>\n\t<meta property=\"og:image:type\" content=\"image\/jpeg\" \/>\n<meta name=\"twitter:card\" content=\"summary_large_image\" \/>\n<meta name=\"twitter:label1\" content=\"Tiempo de lectura\" \/>\n\t<meta name=\"twitter:data1\" content=\"3 minutos\" \/>\n<script type=\"application\/ld+json\" class=\"yoast-schema-graph\">{\"@context\":\"https:\\\/\\\/schema.org\",\"@graph\":[{\"@type\":\"WebPage\",\"@id\":\"https:\\\/\\\/digiterm.hu\\\/es\\\/condiciones-de-uso\\\/\",\"url\":\"https:\\\/\\\/digiterm.hu\\\/es\\\/condiciones-de-uso\\\/\",\"name\":\"Condiciones de uso - Digiterm Ltd.\",\"isPartOf\":{\"@id\":\"https:\\\/\\\/digiterm.hu\\\/es\\\/#website\"},\"datePublished\":\"2022-01-10T06:02:49+00:00\",\"dateModified\":\"2025-12-29T20:25:04+00:00\",\"description\":\"Digiterm Dialysis chairs are designed to provide a comfortable and supportive seating arrangement for patients.\",\"breadcrumb\":{\"@id\":\"https:\\\/\\\/digiterm.hu\\\/es\\\/condiciones-de-uso\\\/#breadcrumb\"},\"inLanguage\":\"es\",\"potentialAction\":[{\"@type\":\"ReadAction\",\"target\":[\"https:\\\/\\\/digiterm.hu\\\/es\\\/condiciones-de-uso\\\/\"]}]},{\"@type\":\"BreadcrumbList\",\"@id\":\"https:\\\/\\\/digiterm.hu\\\/es\\\/condiciones-de-uso\\\/#breadcrumb\",\"itemListElement\":[{\"@type\":\"ListItem\",\"position\":1,\"name\":\"Home\",\"item\":\"https:\\\/\\\/digiterm.hu\\\/es\\\/\"},{\"@type\":\"ListItem\",\"position\":2,\"name\":\"Condiciones de uso\"}]},{\"@type\":\"WebSite\",\"@id\":\"https:\\\/\\\/digiterm.hu\\\/es\\\/#website\",\"url\":\"https:\\\/\\\/digiterm.hu\\\/es\\\/\",\"name\":\"Digiterm High Quality Medical and Therapy Chairs\",\"description\":\"Digiterm produces high-quality medical seating designed to provide value for both patients and healthcare providers.\",\"publisher\":{\"@id\":\"https:\\\/\\\/digiterm.hu\\\/es\\\/#organization\"},\"alternateName\":\"Digiterm Website\",\"potentialAction\":[{\"@type\":\"SearchAction\",\"target\":{\"@type\":\"EntryPoint\",\"urlTemplate\":\"https:\\\/\\\/digiterm.hu\\\/es\\\/?s={search_term_string}\"},\"query-input\":{\"@type\":\"PropertyValueSpecification\",\"valueRequired\":true,\"valueName\":\"search_term_string\"}}],\"inLanguage\":\"es\"},{\"@type\":\"Organization\",\"@id\":\"https:\\\/\\\/digiterm.hu\\\/es\\\/#organization\",\"name\":\"Digiterm Ltd.\",\"url\":\"https:\\\/\\\/digiterm.hu\\\/es\\\/\",\"logo\":{\"@type\":\"ImageObject\",\"inLanguage\":\"es\",\"@id\":\"https:\\\/\\\/digiterm.hu\\\/es\\\/#\\\/schema\\\/logo\\\/image\\\/\",\"url\":\"https:\\\/\\\/i0.wp.com\\\/digiterm.hu\\\/wp-content\\\/uploads\\\/2022\\\/03\\\/digiterm_header_logo_ret_500.webp?fit=500%2C111&ssl=1\",\"contentUrl\":\"https:\\\/\\\/i0.wp.com\\\/digiterm.hu\\\/wp-content\\\/uploads\\\/2022\\\/03\\\/digiterm_header_logo_ret_500.webp?fit=500%2C111&ssl=1\",\"width\":500,\"height\":111,\"caption\":\"Digiterm Ltd.\"},\"image\":{\"@id\":\"https:\\\/\\\/digiterm.hu\\\/es\\\/#\\\/schema\\\/logo\\\/image\\\/\"},\"sameAs\":[\"https:\\\/\\\/www.facebook.com\\\/digiterm.hu\\\/\",\"https:\\\/\\\/www.linkedin.com\\\/company\\\/digiterm-ltd\",\"https:\\\/\\\/bit.ly\\\/digiterm-youtube\"]}]}<\/script>\n<!-- \/ Yoast SEO plugin. -->","yoast_head_json":{"title":"Condiciones de uso - Digiterm Ltd.","description":"Digiterm Dialysis chairs are designed to provide a comfortable and supportive seating arrangement for patients.","robots":{"index":"index","follow":"follow","max-snippet":"max-snippet:-1","max-image-preview":"max-image-preview:large","max-video-preview":"max-video-preview:-1"},"canonical":"https:\/\/digiterm.hu\/es\/condiciones-de-uso\/","og_locale":"es_ES","og_type":"article","og_title":"Condiciones de uso - Digiterm Ltd.","og_description":"Digiterm Dialysis chairs are designed to provide a comfortable and supportive seating arrangement for patients.","og_url":"https:\/\/digiterm.hu\/es\/condiciones-de-uso\/","og_site_name":"Digiterm Ltd.","article_publisher":"https:\/\/www.facebook.com\/digiterm.hu\/","article_modified_time":"2025-12-29T20:25:04+00:00","og_image":[{"width":2560,"height":1707,"url":"https:\/\/i0.wp.com\/digiterm.hu\/wp-content\/uploads\/2022\/01\/Comfort-3_Scale_interior_brownroom_small-scaled.jpg?fit=2560%2C1707&ssl=1","type":"image\/jpeg"}],"twitter_card":"summary_large_image","twitter_misc":{"Tiempo de lectura":"3 minutos"},"schema":{"@context":"https:\/\/schema.org","@graph":[{"@type":"WebPage","@id":"https:\/\/digiterm.hu\/es\/condiciones-de-uso\/","url":"https:\/\/digiterm.hu\/es\/condiciones-de-uso\/","name":"Condiciones de uso - Digiterm Ltd.","isPartOf":{"@id":"https:\/\/digiterm.hu\/es\/#website"},"datePublished":"2022-01-10T06:02:49+00:00","dateModified":"2025-12-29T20:25:04+00:00","description":"Digiterm Dialysis chairs are designed to provide a comfortable and supportive seating arrangement for patients.","breadcrumb":{"@id":"https:\/\/digiterm.hu\/es\/condiciones-de-uso\/#breadcrumb"},"inLanguage":"es","potentialAction":[{"@type":"ReadAction","target":["https:\/\/digiterm.hu\/es\/condiciones-de-uso\/"]}]},{"@type":"BreadcrumbList","@id":"https:\/\/digiterm.hu\/es\/condiciones-de-uso\/#breadcrumb","itemListElement":[{"@type":"ListItem","position":1,"name":"Home","item":"https:\/\/digiterm.hu\/es\/"},{"@type":"ListItem","position":2,"name":"Condiciones de uso"}]},{"@type":"WebSite","@id":"https:\/\/digiterm.hu\/es\/#website","url":"https:\/\/digiterm.hu\/es\/","name":"Digiterm High Quality Medical and Therapy Chairs","description":"Digiterm produces high-quality medical seating designed to provide value for both patients and healthcare providers.","publisher":{"@id":"https:\/\/digiterm.hu\/es\/#organization"},"alternateName":"Digiterm Website","potentialAction":[{"@type":"SearchAction","target":{"@type":"EntryPoint","urlTemplate":"https:\/\/digiterm.hu\/es\/?s={search_term_string}"},"query-input":{"@type":"PropertyValueSpecification","valueRequired":true,"valueName":"search_term_string"}}],"inLanguage":"es"},{"@type":"Organization","@id":"https:\/\/digiterm.hu\/es\/#organization","name":"Digiterm Ltd.","url":"https:\/\/digiterm.hu\/es\/","logo":{"@type":"ImageObject","inLanguage":"es","@id":"https:\/\/digiterm.hu\/es\/#\/schema\/logo\/image\/","url":"https:\/\/i0.wp.com\/digiterm.hu\/wp-content\/uploads\/2022\/03\/digiterm_header_logo_ret_500.webp?fit=500%2C111&ssl=1","contentUrl":"https:\/\/i0.wp.com\/digiterm.hu\/wp-content\/uploads\/2022\/03\/digiterm_header_logo_ret_500.webp?fit=500%2C111&ssl=1","width":500,"height":111,"caption":"Digiterm Ltd."},"image":{"@id":"https:\/\/digiterm.hu\/es\/#\/schema\/logo\/image\/"},"sameAs":["https:\/\/www.facebook.com\/digiterm.hu\/","https:\/\/www.linkedin.com\/company\/digiterm-ltd","https:\/\/bit.ly\/digiterm-youtube"]}]}},"_links":{"self":[{"href":"https:\/\/digiterm.hu\/es\/wp-json\/wp\/v2\/pages\/6700","targetHints":{"allow":["GET"]}}],"collection":[{"href":"https:\/\/digiterm.hu\/es\/wp-json\/wp\/v2\/pages"}],"about":[{"href":"https:\/\/digiterm.hu\/es\/wp-json\/wp\/v2\/types\/page"}],"author":[{"embeddable":true,"href":"https:\/\/digiterm.hu\/es\/wp-json\/wp\/v2\/users\/1"}],"replies":[{"embeddable":true,"href":"https:\/\/digiterm.hu\/es\/wp-json\/wp\/v2\/comments?post=6700"}],"version-history":[{"count":8,"href":"https:\/\/digiterm.hu\/es\/wp-json\/wp\/v2\/pages\/6700\/revisions"}],"predecessor-version":[{"id":16698,"href":"https:\/\/digiterm.hu\/es\/wp-json\/wp\/v2\/pages\/6700\/revisions\/16698"}],"wp:attachment":[{"href":"https:\/\/digiterm.hu\/es\/wp-json\/wp\/v2\/media?parent=6700"}],"curies":[{"name":"wp","href":"https:\/\/api.w.org\/{rel}","templated":true}]}}