{"id":6601,"date":"2022-01-10T06:59:14","date_gmt":"2022-01-10T04:59:14","guid":{"rendered":"https:\/\/digiterm.hu\/politique-de-confidentialite\/"},"modified":"2024-10-28T12:25:43","modified_gmt":"2024-10-28T10:25:43","slug":"politique-de-confidentialite","status":"publish","type":"page","link":"https:\/\/digiterm.hu\/fr\/politique-de-confidentialite\/","title":{"rendered":"Politique de confidentialit\u00e9"},"content":{"rendered":"<div class=\"fusion-fullwidth fullwidth-box fusion-builder-row-1 fusion-flex-container nonhundred-percent-fullwidth non-hundred-percent-height-scrolling\" style=\"--awb-border-radius-top-left:0px;--awb-border-radius-top-right:0px;--awb-border-radius-bottom-right:0px;--awb-border-radius-bottom-left:0px;--awb-flex-wrap:wrap;\" ><div class=\"fusion-builder-row fusion-row fusion-flex-align-items-flex-start fusion-flex-content-wrap\" style=\"max-width:1216.8px;margin-left: calc(-4% \/ 2 );margin-right: calc(-4% \/ 2 );\"><div class=\"fusion-layout-column fusion_builder_column fusion-builder-column-0 fusion_builder_column_1_1 1_1 fusion-flex-column\" style=\"--awb-bg-size:cover;--awb-width-large:100%;--awb-margin-top-large:0px;--awb-spacing-right-large:1.92%;--awb-margin-bottom-large:0px;--awb-spacing-left-large:1.92%;--awb-width-medium:100%;--awb-spacing-right-medium:1.92%;--awb-spacing-left-medium:1.92%;--awb-width-small:100%;--awb-spacing-right-small:1.92%;--awb-spacing-left-small:1.92%;\"><div class=\"fusion-column-wrapper fusion-flex-justify-content-flex-start fusion-content-layout-column\"><div class=\"fusion-title title fusion-title-1 fusion-title-center fusion-title-text fusion-title-size-one\" style=\"--awb-text-color:var(--awb-color4);--awb-margin-bottom:40px;--awb-margin-top-small:0px;--awb-margin-right-small:0px;--awb-margin-bottom-small:20px;--awb-margin-left-small:0px;\"><div class=\"title-sep-container title-sep-container-left\"><div class=\"title-sep sep- sep-solid\" style=\"border-color:#e0dede;\"><\/div><\/div><span class=\"awb-title-spacer\"><\/span><h1 class=\"fusion-title-heading title-heading-center\" style=\"margin:0;\"><p style=\"text-align: center;\">Politique de confidentialit\u00e9<\/p><\/h1><span class=\"awb-title-spacer\"><\/span><div class=\"title-sep-container title-sep-container-right\"><div class=\"title-sep sep- sep-solid\" style=\"border-color:#e0dede;\"><\/div><\/div><\/div><div class=\"fusion-text fusion-text-1\" style=\"--awb-content-alignment:justify;\"><p style=\"text-align: left;\">Nous vous remercions de votre visite sur notre site web et de l&rsquo;int\u00e9r\u00eat que vous portez \u00e0 nos produits.<\/p>\n<p>Digiterm a cr\u00e9\u00e9 cette politique de confidentialit\u00e9 pour d\u00e9montrer l&rsquo;importance de la protection de la s\u00e9curit\u00e9 et de la confidentialit\u00e9 des informations personnelles identifiables que vous partagez avec nous.<\/p>\n<p>La pr\u00e9sente politique de confidentialit\u00e9 informe nos visiteurs\/clients sur la collecte d&rsquo;informations dans le but de mieux vous conna\u00eetre et de mieux vous servir. C&rsquo;est \u00e0 vous de d\u00e9cider si vous souhaitez b\u00e9n\u00e9ficier de ce type de service. Digiterm vous demande donc de lire attentivement cette politique de confidentialit\u00e9.<\/p>\n<h3><strong>Collecte automatique de donn\u00e9es non personnelles<\/strong><\/h3>\n<p>Si vous visitez nos sites web pour naviguer, lire ou t\u00e9l\u00e9charger des informations, nous vous demanderons si nous avons besoin de vos donn\u00e9es personnelles.<\/p>\n<p>Nous recueillons et stockons certaines informations sur les visiteurs, telles que le nom du domaine et de l&rsquo;h\u00f4te \u00e0 partir duquel vous acc\u00e9dez \u00e0 Internet, l&rsquo;adresse de protocole Internet que vous utilisez, la date et l&rsquo;heure auxquelles vous acc\u00e9dez \u00e0 notre site web et l&rsquo;adresse Internet du site web \u00e0 partir duquel vous avez acc\u00e9d\u00e9 directement \u00e0 notre site web.<\/p>\n<p>Nous utilisons ces informations pour mesurer le trafic sur notre site web et pour nous aider \u00e0 rendre notre site web plus utile pour vous. Nous pouvons partager ces informations avec nos filiales dans le monde entier afin de contr\u00f4ler l&rsquo;attractivit\u00e9 de notre site web et d&rsquo;en am\u00e9liorer les performances ou le contenu.<\/p>\n<h3><strong>Utilisation des coordonn\u00e9es<\/strong><\/h3>\n<p>Digiterm ne partagera pas les adresses \u00e9lectroniques avec des tiers, ne divulguera pas les informations des utilisateurs, y compris les donn\u00e9es personnelles, et ne les mettra pas \u00e0 la disposition de tiers sans votre autorisation. Nous utilisons ces informations principalement pour vous offrir une exp\u00e9rience personnalis\u00e9e lorsque vous utilisez nos services. La zone de contact de notre site exige que les clients fournissent des informations personnelles, telles que leur nom et leur adresse \u00e9lectronique. Nous pouvons utiliser ces informations pour vous envoyer du mat\u00e9riel promotionnel de notre soci\u00e9t\u00e9 ou de nos distributeurs.<\/p>\n<h3><strong>Utilisation des donn\u00e9es personnelles<\/strong><\/h3>\n<p>Les informations qui vous identifient personnellement ne sont demand\u00e9es que pour un usage interne. Nous souhaitons utiliser vos donn\u00e9es pour vous informer sur nos produits et services et, le cas \u00e9ch\u00e9ant, vous demander votre avis.<\/p>\n<p>Bien entendu, vous aurez toujours la possibilit\u00e9 de vous d\u00e9sinscrire de tout contact en ligne de Digiterm ou de modifier les informations de votre profil personnel.<\/p>\n<h3><strong>R\u00e9ponses aux demandes de renseignements par courrier \u00e9lectronique<\/strong><\/h3>\n<p>Lorsque des visiteurs ou des clients envoient des demandes par courrier \u00e9lectronique \u00e0 Digiterm, l&rsquo;adresse \u00e9lectronique renvoy\u00e9e est utilis\u00e9e pour r\u00e9pondre au courrier \u00e9lectronique.<\/p>\n<h3><strong>Clause de non-responsabilit\u00e9<\/strong><\/h3>\n<p>Ce site peut contenir des liens vers d&rsquo;autres sites. Digiterm n&rsquo;est pas responsable du contenu ou des pratiques de confidentialit\u00e9 des autres sites web. Pour les liens qui m\u00e8nent \u00e0 des sites Internet \u00e9trangers, dont nous n&rsquo;avons aucune influence sur le contenu et la conception, nous n&rsquo;assumons aucune responsabilit\u00e9 pour le contenu de ces sites. Vous serez donc soumis \u00e0 la politique de confidentialit\u00e9 d&rsquo;un nouveau site.<\/p>\n<h3><strong>Droit d&rsquo;auteur<\/strong><\/h3>\n<p>Digiterm Ltd. se r\u00e9serve le droit de r\u00e9viser, d&rsquo;amender ou de modifier la pr\u00e9sente politique de confidentialit\u00e9 \u00e0 tout moment et de quelque mani\u00e8re que ce soit. Tout amendement ou modification sera publi\u00e9 ici. La mise en page de ce site Internet, les graphiques utilis\u00e9s ainsi que la collection de textes sont prot\u00e9g\u00e9s par des droits d&rsquo;auteur. Il est interdit \u00e0 tout tiers de le reproduire ou de le modifier sans autorisation \u00e9crite.<\/p>\n<p>Si vous avez des questions concernant la politique de confidentialit\u00e9 de Digiterm ou les pratiques d\u00e9crites ici, veuillez nous contacter. Veuillez consulter r\u00e9guli\u00e8rement cette page pour vous tenir au courant.<\/p>\n<\/div><\/div><\/div><\/div><\/div>\n","protected":false},"excerpt":{"rendered":"","protected":false},"author":1,"featured_media":0,"parent":0,"menu_order":0,"comment_status":"closed","ping_status":"closed","template":"","meta":{"_acf_changed":false,"footnotes":""},"class_list":["post-6601","page","type-page","status-publish","hentry"],"acf":[],"yoast_head":"<!-- This site is optimized with the Yoast SEO plugin v27.3 - https:\/\/yoast.com\/product\/yoast-seo-wordpress\/ -->\n<title>Politique de confidentialit\u00e9 - Digiterm Ltd.<\/title>\n<meta name=\"description\" content=\"Digiterm Dialysis chairs are designed to provide a comfortable and supportive seating arrangement for patients.\" \/>\n<meta name=\"robots\" content=\"index, follow, max-snippet:-1, max-image-preview:large, max-video-preview:-1\" \/>\n<link rel=\"canonical\" href=\"https:\/\/digiterm.hu\/fr\/politique-de-confidentialite\/\" \/>\n<meta property=\"og:locale\" content=\"fr_FR\" \/>\n<meta property=\"og:type\" content=\"article\" \/>\n<meta property=\"og:title\" content=\"Politique de confidentialit\u00e9 - Digiterm Ltd.\" \/>\n<meta property=\"og:description\" content=\"Digiterm Dialysis chairs are designed to provide a comfortable and supportive seating arrangement for patients.\" \/>\n<meta property=\"og:url\" content=\"https:\/\/digiterm.hu\/fr\/politique-de-confidentialite\/\" \/>\n<meta property=\"og:site_name\" content=\"Digiterm Ltd.\" \/>\n<meta property=\"article:publisher\" content=\"https:\/\/www.facebook.com\/digiterm.hu\/\" \/>\n<meta property=\"article:modified_time\" content=\"2024-10-28T10:25:43+00:00\" \/>\n<meta property=\"og:image\" content=\"https:\/\/i0.wp.com\/digiterm.hu\/wp-content\/uploads\/2022\/01\/Comfort-3_Scale_interior_brownroom_small-scaled.jpg?fit=2560%2C1707&ssl=1\" \/>\n\t<meta property=\"og:image:width\" content=\"2560\" \/>\n\t<meta property=\"og:image:height\" content=\"1707\" \/>\n\t<meta property=\"og:image:type\" content=\"image\/jpeg\" \/>\n<meta name=\"twitter:card\" content=\"summary_large_image\" \/>\n<meta name=\"twitter:label1\" content=\"Dur\u00e9e de lecture estim\u00e9e\" \/>\n\t<meta name=\"twitter:data1\" content=\"6 minutes\" \/>\n<script type=\"application\/ld+json\" class=\"yoast-schema-graph\">{\"@context\":\"https:\\\/\\\/schema.org\",\"@graph\":[{\"@type\":\"WebPage\",\"@id\":\"https:\\\/\\\/digiterm.hu\\\/fr\\\/politique-de-confidentialite\\\/\",\"url\":\"https:\\\/\\\/digiterm.hu\\\/fr\\\/politique-de-confidentialite\\\/\",\"name\":\"Politique de confidentialit\u00e9 - Digiterm Ltd.\",\"isPartOf\":{\"@id\":\"https:\\\/\\\/digiterm.hu\\\/fr\\\/#website\"},\"datePublished\":\"2022-01-10T04:59:14+00:00\",\"dateModified\":\"2024-10-28T10:25:43+00:00\",\"description\":\"Digiterm Dialysis chairs are designed to provide a comfortable and supportive seating arrangement for patients.\",\"breadcrumb\":{\"@id\":\"https:\\\/\\\/digiterm.hu\\\/fr\\\/politique-de-confidentialite\\\/#breadcrumb\"},\"inLanguage\":\"fr-FR\",\"potentialAction\":[{\"@type\":\"ReadAction\",\"target\":[\"https:\\\/\\\/digiterm.hu\\\/fr\\\/politique-de-confidentialite\\\/\"]}]},{\"@type\":\"BreadcrumbList\",\"@id\":\"https:\\\/\\\/digiterm.hu\\\/fr\\\/politique-de-confidentialite\\\/#breadcrumb\",\"itemListElement\":[{\"@type\":\"ListItem\",\"position\":1,\"name\":\"Home\",\"item\":\"https:\\\/\\\/digiterm.hu\\\/fr\\\/\"},{\"@type\":\"ListItem\",\"position\":2,\"name\":\"Politique de confidentialit\u00e9\"}]},{\"@type\":\"WebSite\",\"@id\":\"https:\\\/\\\/digiterm.hu\\\/fr\\\/#website\",\"url\":\"https:\\\/\\\/digiterm.hu\\\/fr\\\/\",\"name\":\"Digiterm High Quality Medical and Therapy Chairs\",\"description\":\"Digiterm produces high-quality medical seating designed to provide value for both patients and healthcare providers.\",\"publisher\":{\"@id\":\"https:\\\/\\\/digiterm.hu\\\/fr\\\/#organization\"},\"alternateName\":\"Digiterm Website\",\"potentialAction\":[{\"@type\":\"SearchAction\",\"target\":{\"@type\":\"EntryPoint\",\"urlTemplate\":\"https:\\\/\\\/digiterm.hu\\\/fr\\\/?s={search_term_string}\"},\"query-input\":{\"@type\":\"PropertyValueSpecification\",\"valueRequired\":true,\"valueName\":\"search_term_string\"}}],\"inLanguage\":\"fr-FR\"},{\"@type\":\"Organization\",\"@id\":\"https:\\\/\\\/digiterm.hu\\\/fr\\\/#organization\",\"name\":\"Digiterm Ltd.\",\"url\":\"https:\\\/\\\/digiterm.hu\\\/fr\\\/\",\"logo\":{\"@type\":\"ImageObject\",\"inLanguage\":\"fr-FR\",\"@id\":\"https:\\\/\\\/digiterm.hu\\\/fr\\\/#\\\/schema\\\/logo\\\/image\\\/\",\"url\":\"https:\\\/\\\/i0.wp.com\\\/digiterm.hu\\\/wp-content\\\/uploads\\\/2022\\\/03\\\/digiterm_header_logo_ret_500.webp?fit=500%2C111&ssl=1\",\"contentUrl\":\"https:\\\/\\\/i0.wp.com\\\/digiterm.hu\\\/wp-content\\\/uploads\\\/2022\\\/03\\\/digiterm_header_logo_ret_500.webp?fit=500%2C111&ssl=1\",\"width\":500,\"height\":111,\"caption\":\"Digiterm Ltd.\"},\"image\":{\"@id\":\"https:\\\/\\\/digiterm.hu\\\/fr\\\/#\\\/schema\\\/logo\\\/image\\\/\"},\"sameAs\":[\"https:\\\/\\\/www.facebook.com\\\/digiterm.hu\\\/\",\"https:\\\/\\\/www.linkedin.com\\\/company\\\/digiterm-ltd\",\"https:\\\/\\\/bit.ly\\\/digiterm-youtube\"]}]}<\/script>\n<!-- \/ Yoast SEO plugin. -->","yoast_head_json":{"title":"Politique de confidentialit\u00e9 - Digiterm Ltd.","description":"Digiterm Dialysis chairs are designed to provide a comfortable and supportive seating arrangement for patients.","robots":{"index":"index","follow":"follow","max-snippet":"max-snippet:-1","max-image-preview":"max-image-preview:large","max-video-preview":"max-video-preview:-1"},"canonical":"https:\/\/digiterm.hu\/fr\/politique-de-confidentialite\/","og_locale":"fr_FR","og_type":"article","og_title":"Politique de confidentialit\u00e9 - Digiterm Ltd.","og_description":"Digiterm Dialysis chairs are designed to provide a comfortable and supportive seating arrangement for patients.","og_url":"https:\/\/digiterm.hu\/fr\/politique-de-confidentialite\/","og_site_name":"Digiterm Ltd.","article_publisher":"https:\/\/www.facebook.com\/digiterm.hu\/","article_modified_time":"2024-10-28T10:25:43+00:00","og_image":[{"width":2560,"height":1707,"url":"https:\/\/i0.wp.com\/digiterm.hu\/wp-content\/uploads\/2022\/01\/Comfort-3_Scale_interior_brownroom_small-scaled.jpg?fit=2560%2C1707&ssl=1","type":"image\/jpeg"}],"twitter_card":"summary_large_image","twitter_misc":{"Dur\u00e9e de lecture estim\u00e9e":"6 minutes"},"schema":{"@context":"https:\/\/schema.org","@graph":[{"@type":"WebPage","@id":"https:\/\/digiterm.hu\/fr\/politique-de-confidentialite\/","url":"https:\/\/digiterm.hu\/fr\/politique-de-confidentialite\/","name":"Politique de confidentialit\u00e9 - Digiterm Ltd.","isPartOf":{"@id":"https:\/\/digiterm.hu\/fr\/#website"},"datePublished":"2022-01-10T04:59:14+00:00","dateModified":"2024-10-28T10:25:43+00:00","description":"Digiterm Dialysis chairs are designed to provide a comfortable and supportive seating arrangement for patients.","breadcrumb":{"@id":"https:\/\/digiterm.hu\/fr\/politique-de-confidentialite\/#breadcrumb"},"inLanguage":"fr-FR","potentialAction":[{"@type":"ReadAction","target":["https:\/\/digiterm.hu\/fr\/politique-de-confidentialite\/"]}]},{"@type":"BreadcrumbList","@id":"https:\/\/digiterm.hu\/fr\/politique-de-confidentialite\/#breadcrumb","itemListElement":[{"@type":"ListItem","position":1,"name":"Home","item":"https:\/\/digiterm.hu\/fr\/"},{"@type":"ListItem","position":2,"name":"Politique de confidentialit\u00e9"}]},{"@type":"WebSite","@id":"https:\/\/digiterm.hu\/fr\/#website","url":"https:\/\/digiterm.hu\/fr\/","name":"Digiterm High Quality Medical and Therapy Chairs","description":"Digiterm produces high-quality medical seating designed to provide value for both patients and healthcare providers.","publisher":{"@id":"https:\/\/digiterm.hu\/fr\/#organization"},"alternateName":"Digiterm Website","potentialAction":[{"@type":"SearchAction","target":{"@type":"EntryPoint","urlTemplate":"https:\/\/digiterm.hu\/fr\/?s={search_term_string}"},"query-input":{"@type":"PropertyValueSpecification","valueRequired":true,"valueName":"search_term_string"}}],"inLanguage":"fr-FR"},{"@type":"Organization","@id":"https:\/\/digiterm.hu\/fr\/#organization","name":"Digiterm Ltd.","url":"https:\/\/digiterm.hu\/fr\/","logo":{"@type":"ImageObject","inLanguage":"fr-FR","@id":"https:\/\/digiterm.hu\/fr\/#\/schema\/logo\/image\/","url":"https:\/\/i0.wp.com\/digiterm.hu\/wp-content\/uploads\/2022\/03\/digiterm_header_logo_ret_500.webp?fit=500%2C111&ssl=1","contentUrl":"https:\/\/i0.wp.com\/digiterm.hu\/wp-content\/uploads\/2022\/03\/digiterm_header_logo_ret_500.webp?fit=500%2C111&ssl=1","width":500,"height":111,"caption":"Digiterm Ltd."},"image":{"@id":"https:\/\/digiterm.hu\/fr\/#\/schema\/logo\/image\/"},"sameAs":["https:\/\/www.facebook.com\/digiterm.hu\/","https:\/\/www.linkedin.com\/company\/digiterm-ltd","https:\/\/bit.ly\/digiterm-youtube"]}]}},"_links":{"self":[{"href":"https:\/\/digiterm.hu\/fr\/wp-json\/wp\/v2\/pages\/6601","targetHints":{"allow":["GET"]}}],"collection":[{"href":"https:\/\/digiterm.hu\/fr\/wp-json\/wp\/v2\/pages"}],"about":[{"href":"https:\/\/digiterm.hu\/fr\/wp-json\/wp\/v2\/types\/page"}],"author":[{"embeddable":true,"href":"https:\/\/digiterm.hu\/fr\/wp-json\/wp\/v2\/users\/1"}],"replies":[{"embeddable":true,"href":"https:\/\/digiterm.hu\/fr\/wp-json\/wp\/v2\/comments?post=6601"}],"version-history":[{"count":3,"href":"https:\/\/digiterm.hu\/fr\/wp-json\/wp\/v2\/pages\/6601\/revisions"}],"predecessor-version":[{"id":13633,"href":"https:\/\/digiterm.hu\/fr\/wp-json\/wp\/v2\/pages\/6601\/revisions\/13633"}],"wp:attachment":[{"href":"https:\/\/digiterm.hu\/fr\/wp-json\/wp\/v2\/media?parent=6601"}],"curies":[{"name":"wp","href":"https:\/\/api.w.org\/{rel}","templated":true}]}}