{"id":6694,"date":"2022-01-10T07:02:49","date_gmt":"2022-01-10T06:02:49","guid":{"rendered":"https:\/\/digiterm.hu\/conditions-dutilisation\/"},"modified":"2025-12-29T21:24:09","modified_gmt":"2025-12-29T20:24:09","slug":"conditions-dutilisation","status":"publish","type":"page","link":"https:\/\/digiterm.hu\/fr\/conditions-dutilisation\/","title":{"rendered":"Conditions d&rsquo;utilisation"},"content":{"rendered":"<div class=\"fusion-fullwidth fullwidth-box fusion-builder-row-1 fusion-flex-container nonhundred-percent-fullwidth non-hundred-percent-height-scrolling\" style=\"--awb-border-radius-top-left:0px;--awb-border-radius-top-right:0px;--awb-border-radius-bottom-right:0px;--awb-border-radius-bottom-left:0px;--awb-flex-wrap:wrap;\" ><div class=\"fusion-builder-row fusion-row fusion-flex-align-items-flex-start fusion-flex-content-wrap\" style=\"max-width:1216.8px;margin-left: calc(-4% \/ 2 );margin-right: calc(-4% \/ 2 );\"><div class=\"fusion-layout-column fusion_builder_column fusion-builder-column-0 fusion_builder_column_1_1 1_1 fusion-flex-column\" style=\"--awb-bg-size:cover;--awb-width-large:100%;--awb-margin-top-large:0px;--awb-spacing-right-large:1.92%;--awb-margin-bottom-large:0px;--awb-spacing-left-large:1.92%;--awb-width-medium:100%;--awb-spacing-right-medium:1.92%;--awb-spacing-left-medium:1.92%;--awb-width-small:100%;--awb-spacing-right-small:1.92%;--awb-spacing-left-small:1.92%;\"><div class=\"fusion-column-wrapper fusion-flex-justify-content-flex-start fusion-content-layout-column\"><div class=\"fusion-title title fusion-title-1 fusion-title-center fusion-title-text fusion-title-size-one\" style=\"--awb-text-color:var(--awb-color4);--awb-margin-bottom:40px;--awb-margin-top-small:0px;--awb-margin-right-small:0px;--awb-margin-bottom-small:20px;--awb-margin-left-small:0px;\"><div class=\"title-sep-container title-sep-container-left\"><div class=\"title-sep sep- sep-solid\" style=\"border-color:#e0dede;\"><\/div><\/div><span class=\"awb-title-spacer\"><\/span><h1 class=\"fusion-title-heading title-heading-center\" style=\"margin:0;\">Conditions d&rsquo;utilisation<\/h1><span class=\"awb-title-spacer\"><\/span><div class=\"title-sep-container title-sep-container-right\"><div class=\"title-sep sep- sep-solid\" style=\"border-color:#e0dede;\"><\/div><\/div><\/div><div class=\"fusion-text fusion-text-1\" style=\"--awb-content-alignment:justify;\"><p>Bienvenue sur le site web de Digiterm Ltd. Veuillez lire ces conditions d&rsquo;utilisation avant d&rsquo;utiliser ce site. <\/p>\n<h3><strong>Acceptation des conditions d&rsquo;utilisation<\/strong><\/h3>\n<p>En acc\u00e9dant \u00e0 ce site web et en l&rsquo;utilisant, vous signifiez votre accord avec les conditions d&rsquo;utilisation contenues et\/ou r\u00e9f\u00e9renc\u00e9es dans le pr\u00e9sent document. Si vous n&rsquo;acceptez pas toutes ces conditions d&rsquo;utilisation, vous ne devez pas utiliser ce site web. <\/p>\n<h3><strong>R\u00e9vision des conditions d&rsquo;utilisation<\/strong><\/h3>\n<p>Nous ferons de notre mieux pour vous fournir des informations exactes et \u00e0 jour.<\/p>\n<p>Digiterm peut r\u00e9viser ou modifier ces conditions \u00e0 tout moment. Veuillez consulter r\u00e9guli\u00e8rement les conditions d&rsquo;utilisation publi\u00e9es sur le site web afin de vous assurer que vous avez pris connaissance de toutes les conditions r\u00e9gissant l&rsquo;utilisation de ce site web. <\/p>\n<p>Digiterm se r\u00e9serve le droit d&rsquo;apporter des modifications ou des mises \u00e0 jour au contenu de ce site Web ou \u00e0 son format, \u00e0 tout moment et sans pr\u00e9avis.<\/p>\n<p>Digiterm se r\u00e9serve le droit de r\u00e9silier ou de restreindre l&rsquo;acc\u00e8s au site Web pour quelque raison que ce soit. En continuant \u00e0 utiliser le site Web de Digiterm, vous acceptez ces changements. <\/p>\n<h3><strong>Utilisation du contenu<\/strong><\/h3>\n<p>Le contenu du site Web de Digiterm, tel que les textes, les graphiques, les images, les animations, les vid\u00e9os ou toute autre information, n&rsquo;est fourni qu&rsquo;\u00e0 titre informatif.<\/p>\n<p>Digiterm vous autorise \u00e0 visualiser ou \u00e0 t\u00e9l\u00e9charger une seule copie du mat\u00e9riel sur le site Web de Digiterm uniquement pour votre usage personnel et non commercial.<\/p>\n<p>Toute utilisation du contenu non express\u00e9ment autoris\u00e9e par Digiterm peut constituer une violation des droits d&rsquo;auteur, des marques d\u00e9pos\u00e9es et d&rsquo;autres lois. Le contenu et les fonctionnalit\u00e9s sont susceptibles d&rsquo;\u00eatre modifi\u00e9s ou supprim\u00e9s sans pr\u00e9avis. <\/p>\n<p>Si vous t\u00e9l\u00e9chargez quoi que ce soit du site web sur votre ordinateur, il est de votre responsabilit\u00e9 de vous assurer que les fichiers ne nuisent en aucune fa\u00e7on \u00e0 votre ordinateur. En cas de perte, de dommage ou d&rsquo;usure de votre ordinateur, vous ne pourrez faire aucune r\u00e9clamation \u00e0 notre encontre. <\/p>\n<p><span lang=\"EN-GB\">Les informations fournies sur ce site ne constituent pas une offre commerciale et Digiterm se r\u00e9serve le droit de les modifier. Pour un devis personnalis\u00e9, veuillez contacter Digiterm directement. <\/span><\/p>\n<h3><strong>Liens vers des sites de tiers<\/strong><\/h3>\n<p>Les liens dans la zone vous permettront de quitter le site Web de Digiterm. Les sites web li\u00e9s ne sont pas sous le contr\u00f4le de Digiterm. Digiterm n&rsquo;est en aucun cas responsable du contenu de ces autres sites.  <\/p>\n<h3>Contenu de l&rsquo;IA<\/h3>\n<p>Le contenu, les r\u00e9ponses et les informations g\u00e9n\u00e9r\u00e9s par les syst\u00e8mes d&rsquo;intelligence artificielle (IA) utilis\u00e9s par Digiterm sont fournis \u00e0 titre d&rsquo;information g\u00e9n\u00e9rale uniquement. Ce contenu g\u00e9n\u00e9r\u00e9 par l&rsquo;IA est cr\u00e9\u00e9 automatiquement et peut \u00eatre incomplet, inexact, p\u00e9rim\u00e9 ou incorrect du point de vue contextuel. <\/p>\n<p>Digiterm utilise des outils et des plateformes d&rsquo;intelligence artificielle de tiers pour g\u00e9n\u00e9rer des r\u00e9ponses et des contenus automatis\u00e9s. Ces syst\u00e8mes d&rsquo;intelligence artificielle fonctionnent ind\u00e9pendamment de Digiterm et ne sont pas d\u00e9velopp\u00e9s, poss\u00e9d\u00e9s ou directement contr\u00f4l\u00e9s par Digiterm. Par cons\u00e9quent, Digiterm ne garantit pas la performance, la disponibilit\u00e9 ou la pr\u00e9cision de ces outils d&rsquo;intelligence artificielle de tiers.  <\/p>\n<p>Digiterm n&rsquo;assume aucune responsabilit\u00e9 quant \u00e0 l&rsquo;exactitude, l&rsquo;exhaustivit\u00e9, la fiabilit\u00e9 ou l&rsquo;applicabilit\u00e9 des informations g\u00e9n\u00e9r\u00e9es par les syst\u00e8mes d&rsquo;IA. Les r\u00e9ponses g\u00e9n\u00e9r\u00e9es par l&rsquo;IA ne constituent pas des d\u00e9clarations officielles, des sp\u00e9cifications techniques, des conseils professionnels, des offres, des garanties ou des engagements juridiquement contraignants de la part de Digiterm. <\/p>\n<p>Le contenu g\u00e9n\u00e9r\u00e9 par l&rsquo;IA ne doit pas \u00eatre utilis\u00e9 pour les d\u00e9cisions cliniques, l&rsquo;utilisation m\u00e9dicale, la conformit\u00e9 r\u00e9glementaire, l&rsquo;approvisionnement, les questions contractuelles ou toute application critique pour la s\u00e9curit\u00e9. Pour toutes les questions relatives aux produits, techniques, r\u00e9glementaires ou commerciales, seuls les documents officiels de Digiterm, les devis \u00e9crits, les manuels, les d\u00e9clarations de conformit\u00e9 et les communications officielles \u00e9mises par Digiterm font autorit\u00e9. <\/p>\n<p>Digiterm se r\u00e9serve le droit de modifier, de limiter ou d&rsquo;interrompre les services bas\u00e9s sur l&rsquo;IA \u00e0 tout moment et sans pr\u00e9avis. L&rsquo;utilisation du contenu g\u00e9n\u00e9r\u00e9 par l&rsquo;IA se fait aux risques et p\u00e9rils de l&rsquo;utilisateur. <\/p>\n<h3><strong>Traduction<\/strong><\/h3>\n<p>Certains textes de ce site Web peuvent \u00eatre disponibles dans d&rsquo;autres langues. Le texte peut \u00eatre traduit par une personne. Ces traductions sont fournies \u00e0 titre de commodit\u00e9, et Digiterm ne fait aucune d\u00e9claration ni ne prend aucun engagement concernant l&rsquo;exactitude ou l&rsquo;exhaustivit\u00e9 des traductions.  <\/p>\n<h3><strong>Droit d&rsquo;auteur<\/strong><\/h3>\n<p>Toutes les images et informations contenues dans ces pages Internet, dans la mesure o\u00f9 elles peuvent \u00eatre reproduites, sont prot\u00e9g\u00e9es par le droit d&rsquo;auteur.<\/p>\n<p>Le logo de l&rsquo;entreprise et les autres marques d&rsquo;identification de Digiterm Ltd. sont et resteront les marques, les noms commerciaux et la propri\u00e9t\u00e9 exclusive de Digiterm Ltd. Tout le contenu de ce site Web, y compris la pr\u00e9sentation de l&rsquo;interface, le texte de l&rsquo;interface, la documentation et les graphiques, est la propri\u00e9t\u00e9 de Digiterm et est prot\u00e9g\u00e9 par la loi internationale sur les droits d&rsquo;auteur. <\/p>\n<p>Les informations personnelles fournies ou collect\u00e9es par le biais du site Web ou en relation avec celui-ci ne seront utilis\u00e9es que conform\u00e9ment \u00e0 la politique de confidentialit\u00e9 de Digiterm.<\/p>\n<p>Si vous avez des questions ou des r\u00e9clamations, n&rsquo;h\u00e9sitez pas \u00e0 nous contacter.<\/p>\n<\/div><\/div><\/div><\/div><\/div>\n","protected":false},"excerpt":{"rendered":"","protected":false},"author":1,"featured_media":0,"parent":0,"menu_order":0,"comment_status":"closed","ping_status":"closed","template":"","meta":{"_acf_changed":false,"footnotes":""},"class_list":["post-6694","page","type-page","status-publish","hentry"],"acf":[],"yoast_head":"<!-- This site is optimized with the Yoast SEO plugin v27.3 - https:\/\/yoast.com\/product\/yoast-seo-wordpress\/ -->\n<title>Conditions d&#039;utilisation - Digiterm Ltd.<\/title>\n<meta name=\"description\" content=\"Digiterm Dialysis chairs are designed to provide a comfortable and supportive seating arrangement for patients.\" \/>\n<meta name=\"robots\" content=\"index, follow, max-snippet:-1, max-image-preview:large, max-video-preview:-1\" \/>\n<link rel=\"canonical\" href=\"https:\/\/digiterm.hu\/fr\/conditions-dutilisation\/\" \/>\n<meta property=\"og:locale\" content=\"fr_FR\" \/>\n<meta property=\"og:type\" content=\"article\" \/>\n<meta property=\"og:title\" content=\"Conditions d&#039;utilisation - Digiterm Ltd.\" \/>\n<meta property=\"og:description\" content=\"Digiterm Dialysis chairs are designed to provide a comfortable and supportive seating arrangement for patients.\" \/>\n<meta property=\"og:url\" content=\"https:\/\/digiterm.hu\/fr\/conditions-dutilisation\/\" \/>\n<meta property=\"og:site_name\" content=\"Digiterm Ltd.\" \/>\n<meta property=\"article:publisher\" content=\"https:\/\/www.facebook.com\/digiterm.hu\/\" \/>\n<meta property=\"article:modified_time\" content=\"2025-12-29T20:24:09+00:00\" \/>\n<meta property=\"og:image\" content=\"https:\/\/i0.wp.com\/digiterm.hu\/wp-content\/uploads\/2022\/01\/Comfort-3_Scale_interior_brownroom_small-scaled.jpg?fit=2560%2C1707&ssl=1\" \/>\n\t<meta property=\"og:image:width\" content=\"2560\" \/>\n\t<meta property=\"og:image:height\" content=\"1707\" \/>\n\t<meta property=\"og:image:type\" content=\"image\/jpeg\" \/>\n<meta name=\"twitter:card\" content=\"summary_large_image\" \/>\n<meta name=\"twitter:label1\" content=\"Dur\u00e9e de lecture estim\u00e9e\" \/>\n\t<meta name=\"twitter:data1\" content=\"3 minutes\" \/>\n<script type=\"application\/ld+json\" class=\"yoast-schema-graph\">{\"@context\":\"https:\\\/\\\/schema.org\",\"@graph\":[{\"@type\":\"WebPage\",\"@id\":\"https:\\\/\\\/digiterm.hu\\\/fr\\\/conditions-dutilisation\\\/\",\"url\":\"https:\\\/\\\/digiterm.hu\\\/fr\\\/conditions-dutilisation\\\/\",\"name\":\"Conditions d'utilisation - Digiterm Ltd.\",\"isPartOf\":{\"@id\":\"https:\\\/\\\/digiterm.hu\\\/fr\\\/#website\"},\"datePublished\":\"2022-01-10T06:02:49+00:00\",\"dateModified\":\"2025-12-29T20:24:09+00:00\",\"description\":\"Digiterm Dialysis chairs are designed to provide a comfortable and supportive seating arrangement for patients.\",\"breadcrumb\":{\"@id\":\"https:\\\/\\\/digiterm.hu\\\/fr\\\/conditions-dutilisation\\\/#breadcrumb\"},\"inLanguage\":\"fr-FR\",\"potentialAction\":[{\"@type\":\"ReadAction\",\"target\":[\"https:\\\/\\\/digiterm.hu\\\/fr\\\/conditions-dutilisation\\\/\"]}]},{\"@type\":\"BreadcrumbList\",\"@id\":\"https:\\\/\\\/digiterm.hu\\\/fr\\\/conditions-dutilisation\\\/#breadcrumb\",\"itemListElement\":[{\"@type\":\"ListItem\",\"position\":1,\"name\":\"Home\",\"item\":\"https:\\\/\\\/digiterm.hu\\\/fr\\\/\"},{\"@type\":\"ListItem\",\"position\":2,\"name\":\"Conditions d&rsquo;utilisation\"}]},{\"@type\":\"WebSite\",\"@id\":\"https:\\\/\\\/digiterm.hu\\\/fr\\\/#website\",\"url\":\"https:\\\/\\\/digiterm.hu\\\/fr\\\/\",\"name\":\"Digiterm High Quality Medical and Therapy Chairs\",\"description\":\"Digiterm produces high-quality medical seating designed to provide value for both patients and healthcare providers.\",\"publisher\":{\"@id\":\"https:\\\/\\\/digiterm.hu\\\/fr\\\/#organization\"},\"alternateName\":\"Digiterm Website\",\"potentialAction\":[{\"@type\":\"SearchAction\",\"target\":{\"@type\":\"EntryPoint\",\"urlTemplate\":\"https:\\\/\\\/digiterm.hu\\\/fr\\\/?s={search_term_string}\"},\"query-input\":{\"@type\":\"PropertyValueSpecification\",\"valueRequired\":true,\"valueName\":\"search_term_string\"}}],\"inLanguage\":\"fr-FR\"},{\"@type\":\"Organization\",\"@id\":\"https:\\\/\\\/digiterm.hu\\\/fr\\\/#organization\",\"name\":\"Digiterm Ltd.\",\"url\":\"https:\\\/\\\/digiterm.hu\\\/fr\\\/\",\"logo\":{\"@type\":\"ImageObject\",\"inLanguage\":\"fr-FR\",\"@id\":\"https:\\\/\\\/digiterm.hu\\\/fr\\\/#\\\/schema\\\/logo\\\/image\\\/\",\"url\":\"https:\\\/\\\/i0.wp.com\\\/digiterm.hu\\\/wp-content\\\/uploads\\\/2022\\\/03\\\/digiterm_header_logo_ret_500.webp?fit=500%2C111&ssl=1\",\"contentUrl\":\"https:\\\/\\\/i0.wp.com\\\/digiterm.hu\\\/wp-content\\\/uploads\\\/2022\\\/03\\\/digiterm_header_logo_ret_500.webp?fit=500%2C111&ssl=1\",\"width\":500,\"height\":111,\"caption\":\"Digiterm Ltd.\"},\"image\":{\"@id\":\"https:\\\/\\\/digiterm.hu\\\/fr\\\/#\\\/schema\\\/logo\\\/image\\\/\"},\"sameAs\":[\"https:\\\/\\\/www.facebook.com\\\/digiterm.hu\\\/\",\"https:\\\/\\\/www.linkedin.com\\\/company\\\/digiterm-ltd\",\"https:\\\/\\\/bit.ly\\\/digiterm-youtube\"]}]}<\/script>\n<!-- \/ Yoast SEO plugin. -->","yoast_head_json":{"title":"Conditions d'utilisation - Digiterm Ltd.","description":"Digiterm Dialysis chairs are designed to provide a comfortable and supportive seating arrangement for patients.","robots":{"index":"index","follow":"follow","max-snippet":"max-snippet:-1","max-image-preview":"max-image-preview:large","max-video-preview":"max-video-preview:-1"},"canonical":"https:\/\/digiterm.hu\/fr\/conditions-dutilisation\/","og_locale":"fr_FR","og_type":"article","og_title":"Conditions d'utilisation - Digiterm Ltd.","og_description":"Digiterm Dialysis chairs are designed to provide a comfortable and supportive seating arrangement for patients.","og_url":"https:\/\/digiterm.hu\/fr\/conditions-dutilisation\/","og_site_name":"Digiterm Ltd.","article_publisher":"https:\/\/www.facebook.com\/digiterm.hu\/","article_modified_time":"2025-12-29T20:24:09+00:00","og_image":[{"width":2560,"height":1707,"url":"https:\/\/i0.wp.com\/digiterm.hu\/wp-content\/uploads\/2022\/01\/Comfort-3_Scale_interior_brownroom_small-scaled.jpg?fit=2560%2C1707&ssl=1","type":"image\/jpeg"}],"twitter_card":"summary_large_image","twitter_misc":{"Dur\u00e9e de lecture estim\u00e9e":"3 minutes"},"schema":{"@context":"https:\/\/schema.org","@graph":[{"@type":"WebPage","@id":"https:\/\/digiterm.hu\/fr\/conditions-dutilisation\/","url":"https:\/\/digiterm.hu\/fr\/conditions-dutilisation\/","name":"Conditions d'utilisation - Digiterm Ltd.","isPartOf":{"@id":"https:\/\/digiterm.hu\/fr\/#website"},"datePublished":"2022-01-10T06:02:49+00:00","dateModified":"2025-12-29T20:24:09+00:00","description":"Digiterm Dialysis chairs are designed to provide a comfortable and supportive seating arrangement for patients.","breadcrumb":{"@id":"https:\/\/digiterm.hu\/fr\/conditions-dutilisation\/#breadcrumb"},"inLanguage":"fr-FR","potentialAction":[{"@type":"ReadAction","target":["https:\/\/digiterm.hu\/fr\/conditions-dutilisation\/"]}]},{"@type":"BreadcrumbList","@id":"https:\/\/digiterm.hu\/fr\/conditions-dutilisation\/#breadcrumb","itemListElement":[{"@type":"ListItem","position":1,"name":"Home","item":"https:\/\/digiterm.hu\/fr\/"},{"@type":"ListItem","position":2,"name":"Conditions d&rsquo;utilisation"}]},{"@type":"WebSite","@id":"https:\/\/digiterm.hu\/fr\/#website","url":"https:\/\/digiterm.hu\/fr\/","name":"Digiterm High Quality Medical and Therapy Chairs","description":"Digiterm produces high-quality medical seating designed to provide value for both patients and healthcare providers.","publisher":{"@id":"https:\/\/digiterm.hu\/fr\/#organization"},"alternateName":"Digiterm Website","potentialAction":[{"@type":"SearchAction","target":{"@type":"EntryPoint","urlTemplate":"https:\/\/digiterm.hu\/fr\/?s={search_term_string}"},"query-input":{"@type":"PropertyValueSpecification","valueRequired":true,"valueName":"search_term_string"}}],"inLanguage":"fr-FR"},{"@type":"Organization","@id":"https:\/\/digiterm.hu\/fr\/#organization","name":"Digiterm Ltd.","url":"https:\/\/digiterm.hu\/fr\/","logo":{"@type":"ImageObject","inLanguage":"fr-FR","@id":"https:\/\/digiterm.hu\/fr\/#\/schema\/logo\/image\/","url":"https:\/\/i0.wp.com\/digiterm.hu\/wp-content\/uploads\/2022\/03\/digiterm_header_logo_ret_500.webp?fit=500%2C111&ssl=1","contentUrl":"https:\/\/i0.wp.com\/digiterm.hu\/wp-content\/uploads\/2022\/03\/digiterm_header_logo_ret_500.webp?fit=500%2C111&ssl=1","width":500,"height":111,"caption":"Digiterm Ltd."},"image":{"@id":"https:\/\/digiterm.hu\/fr\/#\/schema\/logo\/image\/"},"sameAs":["https:\/\/www.facebook.com\/digiterm.hu\/","https:\/\/www.linkedin.com\/company\/digiterm-ltd","https:\/\/bit.ly\/digiterm-youtube"]}]}},"_links":{"self":[{"href":"https:\/\/digiterm.hu\/fr\/wp-json\/wp\/v2\/pages\/6694","targetHints":{"allow":["GET"]}}],"collection":[{"href":"https:\/\/digiterm.hu\/fr\/wp-json\/wp\/v2\/pages"}],"about":[{"href":"https:\/\/digiterm.hu\/fr\/wp-json\/wp\/v2\/types\/page"}],"author":[{"embeddable":true,"href":"https:\/\/digiterm.hu\/fr\/wp-json\/wp\/v2\/users\/1"}],"replies":[{"embeddable":true,"href":"https:\/\/digiterm.hu\/fr\/wp-json\/wp\/v2\/comments?post=6694"}],"version-history":[{"count":6,"href":"https:\/\/digiterm.hu\/fr\/wp-json\/wp\/v2\/pages\/6694\/revisions"}],"predecessor-version":[{"id":16691,"href":"https:\/\/digiterm.hu\/fr\/wp-json\/wp\/v2\/pages\/6694\/revisions\/16691"}],"wp:attachment":[{"href":"https:\/\/digiterm.hu\/fr\/wp-json\/wp\/v2\/media?parent=6694"}],"curies":[{"name":"wp","href":"https:\/\/api.w.org\/{rel}","templated":true}]}}